{"id":976,"date":"2014-05-26T18:17:05","date_gmt":"2014-05-26T18:17:05","guid":{"rendered":"http:\/\/cregyptology.org.uk\/?page_id=976"},"modified":"2026-02-24T09:51:43","modified_gmt":"2026-02-24T09:51:43","slug":"cre-permanent-committee-2","status":"publish","type":"page","link":"http:\/\/cregyptology.org.uk\/?page_id=976","title":{"rendered":"CRE Permanent Committee"},"content":{"rendered":"<p style=\"text-align: justify;\"><strong>Current Research in Egyptology<\/strong> is organised in a democratic fashion. Any university wishing to host the conference can submit a proposal and a presentation during the Annual General Meeting (AGM) in any particular year. At the end of the presentations, the vote of the assembly decides the winner. A committee representing the successful university arranges the following conference, while a permanent committee provides assistance and works on the long-term issues related to the conference. In order to allow a wider involvement of students in the CRE organisation, each member can remain in the permanent committee for a total of two years. A list of previous Permanent Committee members can be consulted <a href=\"http:\/\/cregyptology.org.uk\/?page_id=4416\">here<\/a>.<\/p>\n<h2 style=\"text-align: center;\"><strong><br \/>\nCRE Permanent Committee<\/strong><\/h2>\n<p><strong>Maarten Praet, Johns Hopkins University, USA &#8211; Chair<\/strong><\/p>\n<p style=\"text-align: justify;\">Maarten Praet is Chair of the Permanent Committee. He is a Ph.D. candidate in Egyptian Art and Archaeology at the Johns Hopkins University. Before starting his doctoral degree in the US, he earned three MA degrees \u2013 in ancient history, archaeology, and Egyptology \u2013 at KU Leuven University in Belgium. Maarten has extensive fieldwork experience in Egypt, where he worked in sites such as Deir el-Bersha, the Mut temple precinct at Karnak, Deir el-Medina and Giza. He also has experience working in museums, such as the British Museum in London and the Johns Hopkins Archaeological Museum in Baltimore. In his Ph.D. dissertation, <em>The Reign of Mentuhotep II Reconsidered<\/em>, he uses the previously unstudied decorated wall fragments of Mentuhotep II\u2019s funerary complex in Deir el-Bahari to study this king\u2019s important artistic, political, societal, and religious innovations that would become part of the ancient Egyptian canon for the next 2000 years.<\/p>\n<p><a href=\"http:\/\/cregyptology.org.uk\/wp-content\/uploads\/2024\/01\/276007252_391471816181140_4489814661023736530_n.jpg\"><img loading=\"lazy\" decoding=\"async\" class=\"aligncenter wp-image-4691\" src=\"http:\/\/cregyptology.org.uk\/wp-content\/uploads\/2024\/01\/276007252_391471816181140_4489814661023736530_n.jpg\" alt=\"276007252_391471816181140_4489814661023736530_n\" width=\"404\" height=\"269\" srcset=\"http:\/\/cregyptology.org.uk\/wp-content\/uploads\/2024\/01\/276007252_391471816181140_4489814661023736530_n.jpg 4096w, http:\/\/cregyptology.org.uk\/wp-content\/uploads\/2024\/01\/276007252_391471816181140_4489814661023736530_n-300x200.jpg 300w, http:\/\/cregyptology.org.uk\/wp-content\/uploads\/2024\/01\/276007252_391471816181140_4489814661023736530_n-768x512.jpg 768w, http:\/\/cregyptology.org.uk\/wp-content\/uploads\/2024\/01\/276007252_391471816181140_4489814661023736530_n-1024x683.jpg 1024w\" sizes=\"auto, (max-width: 404px) 100vw, 404px\" \/><\/a><\/p>\n<p style=\"text-align: justify;\"><strong>Sara Aly, The British Museum, UK<\/strong><\/p>\n<p style=\"text-align: justify;\">Sara Aly completed a Bachelor in Classics at the University of Milan, followed by an MA in Egyptology at the University of Manchester. She is currently an Art Market Investigator in the Recovery Programme at the British Museum, where her work focuses on identifying and supporting the recovery of missing items from the museum\u2019s collection. She also contributes to the efforts of the Circulating Artefacts project (British Museum), where she investigates and documents the trade of illicitly sourced antiquities. She identifies looted Ancient Egyptian artefacts sold on the online art market with the ultimate aim of facilitating their repatriation. Her research focuses on examining the valuable archaeological information retained by looted artefacts, while addressing the impact of the illicit trade on museums and academic scholarship. This work prioritises advancing provenance research on unprovenanced artefacts, with a particular focus on northern Egyptian coffins. Since 2023, Sara has been a member of the Franco-Egyptian Archaeological Mission of Western Thebes working at the Ramesseum. Here she analyses cartonnage and coffin fragments discovered in tombs dating from the Middle Kingdom to the Third Intermediate Period.<\/p>\n<p><img loading=\"lazy\" decoding=\"async\" class=\"aligncenter size-medium wp-image-4922\" src=\"http:\/\/cregyptology.org.uk\/wp-content\/uploads\/2024\/11\/Unknown-257x300.png\" alt=\"\" width=\"257\" height=\"300\" srcset=\"http:\/\/cregyptology.org.uk\/wp-content\/uploads\/2024\/11\/Unknown-257x300.png 257w, http:\/\/cregyptology.org.uk\/wp-content\/uploads\/2024\/11\/Unknown-878x1024.png 878w, http:\/\/cregyptology.org.uk\/wp-content\/uploads\/2024\/11\/Unknown-768x895.png 768w, http:\/\/cregyptology.org.uk\/wp-content\/uploads\/2024\/11\/Unknown.png 1273w\" sizes=\"auto, (max-width: 257px) 100vw, 257px\" \/><\/p>\n<p><strong>Dr. Mohamed Youssef Sedek, Misr University for Science and Technology, Egypt<\/strong><\/p>\n<p style=\"text-align: justify;\">Mohamed Youssef Sedek is a lecturer at the Faculty of Archaeology and Tourism Guidance at Misr University for Science and Technology (MUST), and a restorer at the French Institute for Oriental Archaeology (IFAO). He specializes in metals, mural paintings, wood, and stones. Youssef has extensive field experience, having worked in missions since 2019, including the French mission at Deir el-Medina in Luxor (specifically working in tombs TT216, TT340 and TT265), the French mission at Tanis, and the Portuguese mission in the tomb of Akhmerutnisut (G 2184) on the Giza Plateau. He is also a member of the Faculty of Archaeology and Tourist Guidance mission at Saqqara. He also has experience in museum work, having restored several artifacts at the Egyptian Museum in Tahrir Square in 2021, and received training in recording and documenting archaeological artifacts at the Grand Egyptian Museum in 2018. He obtained a master&#8217;s degree in the restoration of metal artifacts composited with leather in 2022, followed by a PhD in restoration of metal artifacts with honors in 2025.<\/p>\n<p><img loading=\"lazy\" decoding=\"async\" class=\"aligncenter size-full wp-image-4914\" src=\"http:\/\/cregyptology.org.uk\/wp-content\/uploads\/2024\/11\/Picture5.png\" alt=\"\" width=\"279\" height=\"281\" srcset=\"http:\/\/cregyptology.org.uk\/wp-content\/uploads\/2024\/11\/Picture5.png 279w, http:\/\/cregyptology.org.uk\/wp-content\/uploads\/2024\/11\/Picture5-150x150.png 150w\" sizes=\"auto, (max-width: 279px) 100vw, 279px\" \/><\/p>\n<p><strong>Andr\u00e9s Mart\u00edn Garc\u00eda de la Cruz, Leiden University and the Netherlands-Flemish Institute in Cairo, Egypt<\/strong><\/p>\n<p class=\"s2\" style=\"text-align: justify;\">Andr\u00e9s Mart\u00edn Garc\u00eda de la Cruz is a doctoral candidate in Egyptology at Leiden University, based in Cairo at the Netherlands-Flemish Institute, supported by the NVIC\/NINO PhD Scholarship. He holds a BA in History and an MA in Archaeology and Heritage from the Autonomous University of Madrid, as well as a ResMA in Egyptology from Leiden University. He has lectured on Egyptology and the History of Egyptology at NVIC and at the <em><span class=\"s4\">M\u00e1ster<\/span><span class=\"s4\"> de <\/span><span class=\"s4\">Formaci\u00f3n<\/span><span class=\"s4\"> Permanente <\/span><span class=\"s4\">en<\/span> <span class=\"s4\">Egiptolog\u00eda<\/span><\/em> at the University of Alcal\u00e1. Andr\u00e9s has archaeological fieldwork experience at over a dozen sites across the Mediterranean, including the necropoleis of Egyptian high officials and nomarchs at Deir el-Bahari and Dayr al-Bersha. He has extensive experience in organising and coordinating scientific and outreach academic events in Archaeology and Egyptology. In the Egyptological field, apart from CRE, Andr\u00e9s co-founded and serves on the Permanent Committee of the<em> <span class=\"s4\">Congreso<\/span> <span class=\"s4\">Iberoamericano<\/span><span class=\"s4\"> de <\/span><span class=\"s4\">J\u00f3venes<\/span> <span class=\"s4\">Investigadores<\/span> <span class=\"s4\">en<\/span> <span class=\"s4\">Egiptolog\u00eda<\/span><\/em> (CIJIE), and was one of the organisers of both the inaugural edition of CIJIE, hosted by the University of Alcal\u00e1 in 2021, and the Thirteenth International Congress of Egyptologists (XIII ICE), held in Leiden in 2023.<\/p>\n<p><img loading=\"lazy\" decoding=\"async\" class=\"aligncenter size-medium wp-image-5337\" src=\"http:\/\/cregyptology.org.uk\/wp-content\/uploads\/2025\/10\/image001-300x225.jpg\" alt=\"\" width=\"300\" height=\"225\" srcset=\"http:\/\/cregyptology.org.uk\/wp-content\/uploads\/2025\/10\/image001-300x225.jpg 300w, http:\/\/cregyptology.org.uk\/wp-content\/uploads\/2025\/10\/image001-1024x768.jpg 1024w, http:\/\/cregyptology.org.uk\/wp-content\/uploads\/2025\/10\/image001-768x576.jpg 768w, http:\/\/cregyptology.org.uk\/wp-content\/uploads\/2025\/10\/image001-1536x1152.jpg 1536w, http:\/\/cregyptology.org.uk\/wp-content\/uploads\/2025\/10\/image001-2048x1536.jpg 2048w\" sizes=\"auto, (max-width: 300px) 100vw, 300px\" \/><\/p>\n<p><strong>Dr. John Rogers, Swansea University, Wales<\/strong><\/p>\n<p style=\"text-align: justify;\">John Rogers recently completed his PhD at Swansea University, where he is also Tutor in Egyptology in the Department of History, Heritage, and Classics. His dissertation examined the changing power structures during the Kushite-Saite transition in Egypt, and his research interests include the wider geopolitical connections between Egyptian, Neo-Assyrian\/Babylonian, Levantine, and Anatolian polities in the mid-first millennium BCE. He has participated in fieldwork in Luxor and Abydos since 2017, focusing on reconstructing Late Period copies of the Pyramid Texts, and has worked as part of the Circulating Artefacts project (British Museum) and the Global Shabti Project (GSP). He co-organised the 2024 iteration of CRE, held in the UK, as well as the sixth EES Congress and sessions at the European Association of Archaeologists and the American Society of Overseas Research. He also works as a freelance proofreader and copyeditor, and drinks coffee.<img loading=\"lazy\" decoding=\"async\" class=\"aligncenter size-medium wp-image-4651\" src=\"http:\/\/cregyptology.org.uk\/wp-content\/uploads\/2023\/11\/John-CRE-225x300.jpg\" alt=\"\" width=\"225\" height=\"300\" srcset=\"http:\/\/cregyptology.org.uk\/wp-content\/uploads\/2023\/11\/John-CRE-225x300.jpg 225w, http:\/\/cregyptology.org.uk\/wp-content\/uploads\/2023\/11\/John-CRE-768x1023.jpg 768w, http:\/\/cregyptology.org.uk\/wp-content\/uploads\/2023\/11\/John-CRE.jpg 769w\" sizes=\"auto, (max-width: 225px) 100vw, 225px\" \/><\/p>\n<p style=\"text-align: justify;\">To contact the CRE Permanent Committee, please email the committee members at <strong><a href=\"mailto:crepermanentcommittee@gmail.com\"><span style=\"text-decoration: underline; color: #3366ff;\">crepermanentcommittee@gmail.com<\/span><\/a><span style=\"text-decoration: underline; color: #3366ff;\">.<\/span><\/strong><\/p>\n","protected":false},"excerpt":{"rendered":"<p>Current Research in Egyptology is organised in a democratic fashion. Any university wishing to host the conference can submit a proposal and a presentation during the Annual General Meeting (AGM) <a class=\"more-link\" href=\"http:\/\/cregyptology.org.uk\/?page_id=976\">Continue Reading &rarr;<\/a><\/p>\n","protected":false},"author":1,"featured_media":0,"parent":0,"menu_order":0,"comment_status":"closed","ping_status":"closed","template":"","meta":{"ngg_post_thumbnail":0,"footnotes":""},"class_list":["post-976","page","type-page","status-publish","hentry"],"_links":{"self":[{"href":"http:\/\/cregyptology.org.uk\/index.php?rest_route=\/wp\/v2\/pages\/976","targetHints":{"allow":["GET"]}}],"collection":[{"href":"http:\/\/cregyptology.org.uk\/index.php?rest_route=\/wp\/v2\/pages"}],"about":[{"href":"http:\/\/cregyptology.org.uk\/index.php?rest_route=\/wp\/v2\/types\/page"}],"author":[{"embeddable":true,"href":"http:\/\/cregyptology.org.uk\/index.php?rest_route=\/wp\/v2\/users\/1"}],"replies":[{"embeddable":true,"href":"http:\/\/cregyptology.org.uk\/index.php?rest_route=%2Fwp%2Fv2%2Fcomments&post=976"}],"version-history":[{"count":30,"href":"http:\/\/cregyptology.org.uk\/index.php?rest_route=\/wp\/v2\/pages\/976\/revisions"}],"predecessor-version":[{"id":5411,"href":"http:\/\/cregyptology.org.uk\/index.php?rest_route=\/wp\/v2\/pages\/976\/revisions\/5411"}],"wp:attachment":[{"href":"http:\/\/cregyptology.org.uk\/index.php?rest_route=%2Fwp%2Fv2%2Fmedia&parent=976"}],"curies":[{"name":"wp","href":"https:\/\/api.w.org\/{rel}","templated":true}]}}