{"id":4416,"date":"2022-10-16T16:06:21","date_gmt":"2022-10-16T16:06:21","guid":{"rendered":"http:\/\/cregyptology.org.uk\/?page_id=4416"},"modified":"2025-10-01T23:20:27","modified_gmt":"2025-10-01T23:20:27","slug":"previous-permanent-committee-members-in-progress","status":"publish","type":"page","link":"http:\/\/cregyptology.org.uk\/?page_id=4416","title":{"rendered":"Previous Permanent Committee Members (in progress)"},"content":{"rendered":"<p><strong>Geirr Kristian Homme Lunden, University of Basel, Switzerland: 2023-2025<\/strong><\/p>\n<p style=\"text-align: justify;\">Geirr Lunden was Chair of the Permanent Committee (2024-2025). He is a doctoral student at the University of Basel in Switzerland, situated in both the Department of Ancient Civilizations and the graduate school eikones \u2013 Center for the theory and history of the image. He has previously attained his MA(Res) in Egyptology at Leiden University\u2019s department of Classics and Ancient Civilizations in the Netherlands, and his BA in Egyptology at Swansea University in Wales. For his PhD research, Geirr focuses on the concept of artistic tradition in ancient Egyptian society, and how the modern idea of what a tradition should be like has affected the way in which we perceive meanings and practices that were part of ancient Egyptian lives. Materially, the focus is on images of the Nile marsh in ancient Egyptian tombs of the Old through the New Kingdom, and Egyptological art history of the 19<sup>th<\/sup>&nbsp;and 20<sup>th<\/sup>&nbsp;centuries. As such, his research interests are particularly embedded in the art history of ancient Egypt, and the scientific history of Egyptology. In both topics, he has a particular focus on the consideration of over- and underrepresented views. He was also the head of the organizing committee at the CRE 2023 in Basel.<\/p>\n<p><a href=\"http:\/\/cregyptology.org.uk\/wp-content\/uploads\/2023\/01\/Geirr.jpg\"><img loading=\"lazy\" decoding=\"async\" class=\"aligncenter wp-image-4497\" src=\"http:\/\/cregyptology.org.uk\/wp-content\/uploads\/2023\/01\/Geirr.jpg\" alt=\"geirr\" width=\"287\" height=\"383\" srcset=\"http:\/\/cregyptology.org.uk\/wp-content\/uploads\/2023\/01\/Geirr.jpg 600w, http:\/\/cregyptology.org.uk\/wp-content\/uploads\/2023\/01\/Geirr-225x300.jpg 225w\" sizes=\"auto, (max-width: 287px) 100vw, 287px\" \/><\/a><\/p>\n<p>&nbsp;<\/p>\n<p style=\"text-align: justify;\"><strong>Anna Charlotte Dietrich, Austrian Archaeological Institute: 2023-2025<\/strong><\/p>\n<p style=\"text-align: justify;\">Having studied Egyptology and Communication and Media Studies at the Universities of Leipzig and Leiden (2013-2019), Charlotte Dietrich is currently a PhD-candidate at the University of Vienna, Austria. Her dissertation focuses on the Historical Chronology of the New Kingdom, a topic which she has also pursued as a praedoc in the ERC-project \u201cChallenging Time(s)\u201d at the Austrian Academy of Sciences (2020-2023). Other research interests include cursive scripts (hieratic, abnormal hieratic, and demotic), digital epigraphy, and object itineraries. She has worked on several scientific projects, including the <i>Thesaurus Linguae Aegyptiae<\/i> and the DFG-project \u201eVorarbeiten zu einer Grammatik der hieroglyphischen Urkunden der 18. Dynastie\u201c (both in Leipzig) and has published her research both in scientific formats as well as for a popular audience.<\/p>\n<p style=\"text-align: justify;\"><a href=\"http:\/\/cregyptology.org.uk\/wp-content\/uploads\/2014\/05\/IMG_0261.jpg\"><img loading=\"lazy\" decoding=\"async\" class=\"aligncenter wp-image-4641\" src=\"http:\/\/cregyptology.org.uk\/wp-content\/uploads\/2014\/05\/IMG_0261.jpg\" alt=\"Charlotte\" width=\"277\" height=\"416\"><\/a><\/p>\n<p>&nbsp;<\/p>\n<p><strong>Guilherme Borges Pires, Centre for the Humanities, Nova University Lisbon, Portugal (CHAM\/NOVA-FCSH): 2023-2025<\/strong><\/p>\n<p style=\"font-weight: 400; text-align: justify;\">Guilherme Borges Pires holds a BA in History (2013) and a MA in Egyptology (2015). Currently, he is a PhD candidate in Ancient History (Egyptology) at NOVA School of Social Sciences and Humanities (Lisbon, Portugal). His research focuses on the concepts of Creator and Creation in the religious hymns of the New Kingdom (ca. 1539-1077 BCE), of which he is preparing a first translation into Portuguese. In 2017, he was awarded an FCT PhD Grant. From 2016 to 2017, he proceeded with his doctoral research and attended courses at \u00c9cole Pratique des Hautes \u00c9tudes (Paris, France), and he volunteered at the Egypt Exploration Society (London, United Kingdom) between 2020 and 2023, working with both Egypt Travel Magazines and Amarna Object Cards. He is a Researcher at CHAM (NOVA FCSH-UAc) and a member of <em>Res Antiquitatis \u2013 Journal of Ancient History<\/em>\u2019s Editorial Team. Since 2022, he has been a lecturer of the online Egyptological programs at the Universidad de Alcal\u00e1 (Spain). Guilherme is also the co-host of a podcast about ancient Egypt in Portuguese, titled <em>Tr\u00eas egipt\u00f3logues entram num bar&nbsp;<\/em>(&#8220;Three Egyptologists walk into a bar&#8221;).<\/p>\n<p style=\"font-weight: 400;\"><a href=\"http:\/\/cregyptology.org.uk\/wp-content\/uploads\/2014\/05\/IMG_5875.jpeg\"><img loading=\"lazy\" decoding=\"async\" class=\"aligncenter wp-image-4642\" src=\"http:\/\/cregyptology.org.uk\/wp-content\/uploads\/2014\/05\/IMG_5875.jpeg\" alt=\"Guilherme\" width=\"300\" height=\"400\"><\/a><\/p>\n<p>&nbsp;<\/p>\n<p><strong>Dr. In\u00eas Torres, Centre for the Humanities, Nova University Lisbon, Portugal (CHAM\/NOVA-FCSH): 2022-2024<\/strong><\/p>\n<p class=\"p1\" style=\"text-align: justify;\">In\u00eas Torres was&nbsp;Chair of the Permanent Committee (2023-2024). Dr. Torres is a Postdoctoral Research Fellow at the Centre for the Humanities of Nova University Lisbon (CHAM\/NOVA-FCSH) and Director of the Mastaba of Akhmerutnisut Documentation Project (MAD-P), Giza, Egypt. She has a Ph.D. in Egyptology (Near Eastern Languages and Civilizations) from Harvard University, an M.Phil. in Egyptology from the University of Oxford, and a B.A. in Archaeology from the University of Lisbon. Her research focuses on the topic of memory and remembrance in ancient Egypt, emphasising the physical and visual aspects of the ancient Egyptian tomb as important mechanisms of persuasion in the production, construction, and negotiation of memory. In her postdoctoral research, she explores the role of the tomb as a social space, developing an interdisciplinary approach for understanding how individual and collective memories regarding deceased individuals were shaped by the physical space and decoration of their tombs. Dr Torres has published in English and in Portuguese (her first language), both for the general public and in academic publications. She has participated in several archaeological excavations, in Portugal and Egypt, and has extensive experience working for museums, such as the Boston Museum of Fine Arts, the Egyptian Museum in Berlin, and the Harvard Art Museums. Dr Torres is also the founder and manager of the Instagram outreach project &#8220;Uma Egipt\u00f3loga Portuguesa&#8221; (&#8220;A Portuguese Egyptologist&#8221;), which aims to share educational content on Ancient Egypt and Egyptology in Portuguese. She is also co-founder and co-host of the first scientific dissemination podcast about ancient Egypt in Portuguese, <em>Tr\u00eas Egipt\u00f3logues Entram Num Bar<\/em> (&#8220;Three Egyptologists Walk into a Bar&#8221;).<\/p>\n<p><a href=\"http:\/\/cregyptology.org.uk\/wp-content\/uploads\/2014\/05\/74B00818-37FF-4BA6-9E4C-62A450AD355D.jpg\"><img loading=\"lazy\" decoding=\"async\" class=\"aligncenter wp-image-4424\" src=\"http:\/\/cregyptology.org.uk\/wp-content\/uploads\/2014\/05\/74B00818-37FF-4BA6-9E4C-62A450AD355D.jpg\" alt=\"74b00818-37ff-4ba6-9e4c-62a450ad355d\" width=\"283\" height=\"344\" srcset=\"http:\/\/cregyptology.org.uk\/wp-content\/uploads\/2014\/05\/74B00818-37FF-4BA6-9E4C-62A450AD355D.jpg 863w, http:\/\/cregyptology.org.uk\/wp-content\/uploads\/2014\/05\/74B00818-37FF-4BA6-9E4C-62A450AD355D-247x300.jpg 247w, http:\/\/cregyptology.org.uk\/wp-content\/uploads\/2014\/05\/74B00818-37FF-4BA6-9E4C-62A450AD355D-768x933.jpg 768w, http:\/\/cregyptology.org.uk\/wp-content\/uploads\/2014\/05\/74B00818-37FF-4BA6-9E4C-62A450AD355D-843x1024.jpg 843w\" sizes=\"auto, (max-width: 283px) 100vw, 283px\" \/><\/a><\/p>\n<p style=\"font-weight: 400;\">&nbsp;<\/p>\n<p style=\"font-weight: 400;\"><strong>Dr. Electra Apostola, University of the Aegean, Greece: 2021-2023<\/strong><\/p>\n<p style=\"font-weight: 400; text-align: justify;\">Electra Apostola was&nbsp;Chair of the Permanent Committee (2022-2023). Dr.&nbsp;Apostola completed her doctoral dissertation in Egyptology at the Department of Mediterranean Studies at the University of the Aegean in 2016. Since then she has been teaching the following undergraduate courses: Egypt and the Eastern Mediterranean in the Early Iron Age, Egyptian Art, Near Eastern Archaeology, Relations between peoples of the Mediterranean in the Bronze Age at the same University. She is currently participating as a research fellow in the&nbsp;AEgySca Project:&nbsp;Aegyptiaca as indicators of religious and cultural interaction in the Southeastern Mediterranean: The multiple implications of Egyptian and Egyptianizing scarabs in the Aegean (8th-6th century BC) (University of the Aegean). Since 2014 she has been participating as a coordinator in the&nbsp;Aegyptiaca Project (AeP): Ecumene and Economy on the Horizon of Religion&nbsp;(University of the Aegean-University of Bonn). Her research interests and her publications focus on cultural interconnections in the Near East and the Eastern Mediterranean during the LBA and the Iron Age, Egyptian and Egyptianizing artifacts in Archaic Greece, modes of adaptation and transformation of Egyptian religious motifs and ideas in the Mediterranean. She was also one of the organizers of the international virtual conference&nbsp;<em>Current Research in Egyptology<\/em>&nbsp;2020\/2021 in Rhodes (University of the Aegean). She was&nbsp;chair of the CRE Permanent Committee from 2022 to 2023.<\/p>\n<p style=\"text-align: justify;\"><a href=\"http:\/\/cregyptology.org.uk\/wp-content\/uploads\/2019\/10\/Electra-Apostola.jpg\"><img loading=\"lazy\" decoding=\"async\" class=\"aligncenter size-medium wp-image-3926\" src=\"http:\/\/cregyptology.org.uk\/wp-content\/uploads\/2019\/10\/Electra-Apostola-225x300.jpg\" alt=\"electra-apostola\" width=\"225\" height=\"300\" srcset=\"http:\/\/cregyptology.org.uk\/wp-content\/uploads\/2019\/10\/Electra-Apostola-225x300.jpg 225w, http:\/\/cregyptology.org.uk\/wp-content\/uploads\/2019\/10\/Electra-Apostola-768x1024.jpg 768w, http:\/\/cregyptology.org.uk\/wp-content\/uploads\/2019\/10\/Electra-Apostola.jpg 1535w\" sizes=\"auto, (max-width: 225px) 100vw, 225px\" \/><\/a><\/p>\n<p style=\"text-align: justify;\">&nbsp;&nbsp;<\/p>\n<p><strong><span lang=\"EN-US\">Ms. Jacqueline M. Huwyler, University of Basel, Switzerland: 2021-2023<\/span><\/strong><\/p>\n<p style=\"text-align: justify;\"><span lang=\"EN-US\">Jacqueline is a doctoral student in Egyptology in the University of Basel\u2019s Department of Ancient Civilizations. Her research focuses on the introduction of the Near Eastern deity Anat into Egyptian religion from as early as the Second Intermediate Period to the end of the New Kingdom. Her research attempts to return agency to the people behind the artifacts, to better understand cultural contact and its resulting influence on Egyptian culture and religion, both at a governmental and non-governmental level. Why was Anat so intriguing to the Egyptian population, and how and why did information about her spread? To analyze this, Jacqueline has compiled a publishable database of all known evidences of Anat up until the end of the New Kingdom. Jacqueline holds an M.A. with distinction in Egyptian Archaeology from the University College London (UCL), and a B.A.<span class=\"apple-converted-space\">&nbsp;<\/span><em>cum laude<\/em><span class=\"apple-converted-space\"><i>&nbsp;<\/i><\/span>in Classical and Near Eastern Archaeology from Bryn Mawr College (Pennsylvania, USA). As a specialist in Egyptian identity studies and foreign interactions, Jacqueline&#8217;s masters thesis focused on cultural contact and identity at 12th and 13th dynasty Egyptian fortresses in Nubia. Jacqueline is published with Archaeopress, has excavated in Thebes, Cyprus, Jerusalem, and Kent (Britain), and has worked for numerous museums, such as the University of Pennsylvania Museum of Archaeology and Anthropology, the UCL Petrie Museum of Egyptian Archaeology, and the Antikenmuseum Basel. She also has experience organizing conferences, and has been active in the CRE since 2017. In her free time, Jacqueline works as a freelance editor and translator for Egyptological and Archaeological papers in English and German.<\/span><\/p>\n<p><a href=\"http:\/\/cregyptology.org.uk\/wp-content\/uploads\/2023\/01\/Jaki.jpg\"><img loading=\"lazy\" decoding=\"async\" class=\"wp-image-4508 aligncenter\" src=\"http:\/\/cregyptology.org.uk\/wp-content\/uploads\/2023\/01\/Jaki.jpg\" alt=\"jaki\" width=\"300\" height=\"400\" srcset=\"http:\/\/cregyptology.org.uk\/wp-content\/uploads\/2023\/01\/Jaki.jpg 768w, http:\/\/cregyptology.org.uk\/wp-content\/uploads\/2023\/01\/Jaki-225x300.jpg 225w\" sizes=\"auto, (max-width: 300px) 100vw, 300px\" \/><\/a><\/p>\n<p>&nbsp;<\/p>\n<p><strong><span lang=\"EN-US\">Dr. Khaled Essam Ismail, Grand Egyptian Museum, Egypt: 2021-2023<\/span><\/strong><span class=\"apple-converted-space\"><b><span lang=\"EN-US\">&nbsp;<\/span><\/b><\/span><\/p>\n<p style=\"text-align: justify;\"><span lang=\"EN-US\">Khaled Ismail is an archeological curator at the Grand Egyptian Museum in Egypt. Dr. Ismail&nbsp;completed his dissertation entitled \u201cthe City of Diospolis Magna (modern Luxor) during the Ptolemaic and Roman Period.&#8221;&nbsp; Since 2008, he has been working in the Ministry of Tourism and Antiquities in Egypt. He is responsible for documenting and registering The Greco-Roman artifacts in the Grand Egyptian Museum and various museums in Egypt. He recently participated in the French\/Egyptian project of establishing the Egyptian Numismatic Center in Egypt. Since 2015, he has been participating as a scientific member in the American mission working at the site of Amheida, Dakhala Oasis, under the supervision of Professor Roger Bagnall.&nbsp; His research interests are the material culture of Egyptian society during the Late period until the Roman period in Egypt. He also focuses on studying the Roman coins of Egypt and has some publications in these fields of interest.<\/span><\/p>\n<p style=\"text-align: justify;\">&nbsp;<\/p>\n<p><a href=\"http:\/\/cregyptology.org.uk\/wp-content\/uploads\/2014\/05\/photo.jpg\"><img loading=\"lazy\" decoding=\"async\" class=\"wp-image-4226 aligncenter\" src=\"http:\/\/cregyptology.org.uk\/wp-content\/uploads\/2014\/05\/photo.jpg\" alt=\"photo\" width=\"336\" height=\"336\" srcset=\"http:\/\/cregyptology.org.uk\/wp-content\/uploads\/2014\/05\/photo.jpg 600w, http:\/\/cregyptology.org.uk\/wp-content\/uploads\/2014\/05\/photo-150x150.jpg 150w, http:\/\/cregyptology.org.uk\/wp-content\/uploads\/2014\/05\/photo-300x300.jpg 300w\" sizes=\"auto, (max-width: 336px) 100vw, 336px\" \/><\/a><\/p>\n<p>&nbsp;<\/p>\n<p><strong>Dr. <span class=\"tojvnm2t a6sixzi8 abs2jz4q a8s20v7p t1p8iaqh k5wvi7nf q3lfd5jv pk4s997a bipmatt0 cebpdrjk qowsmv63 owwhemhu dp1hu0rb dhp61c6y iyyx5f41\">Ra\u00fal S\u00e1nchez Casado, University of Sevilla, Spain: 2019-2022<br \/>\n<\/span><\/strong><\/p>\n<p style=\"text-align: justify;\"><span class=\"tojvnm2t a6sixzi8 abs2jz4q a8s20v7p t1p8iaqh k5wvi7nf q3lfd5jv pk4s997a bipmatt0 cebpdrjk qowsmv63 owwhemhu dp1hu0rb dhp61c6y iyyx5f41\">Ra\u00fal S\u00e1nchez Casado&nbsp;was&nbsp;Chair of the Permanent Committee (2021-2022). Dr. S\u00e1nchez Casado&nbsp;is a postdoctoral researcher at the University of Granada (Spain). He is a Doctor in Egyptology by the University of Seville with a PhD thesis on the ka-servant in the Old Kingdom. He holds a BA degree in History and a MA in Sciences of the Antiquity and the Middle Ages from the University of Granada. His main research interest is ancient Egyptian religion, particularly the funerary sphere, focusing on the nature of priesthood and cultic practices. He has developed funded research stays at the University of Oxford and the Freie Universit\u00e4t Berlin. His publications include a book, several peer-reviewed journal papers, book chapters, and co-editions of scientific books and proceedings. He has delivered papers in several international congresses and seminars and has also organized scientific meetings in Spain. He is deputy director of the MKTP and has obtained archaeological experience through his participation in the project.<\/span><\/p>\n<p><a href=\"http:\/\/cregyptology.org.uk\/wp-content\/uploads\/2022\/10\/Raul.jpg\"><img loading=\"lazy\" decoding=\"async\" class=\"wp-image-4417 aligncenter\" src=\"http:\/\/cregyptology.org.uk\/wp-content\/uploads\/2022\/10\/Raul.jpg\" alt=\"raul\" width=\"300\" height=\"366\" srcset=\"http:\/\/cregyptology.org.uk\/wp-content\/uploads\/2022\/10\/Raul.jpg 698w, http:\/\/cregyptology.org.uk\/wp-content\/uploads\/2022\/10\/Raul-246x300.jpg 246w\" sizes=\"auto, (max-width: 300px) 100vw, 300px\" \/><\/a><\/p>\n<p>&nbsp;<\/p>\n<p><strong>Dr. Marie Peterkov\u00e1 Hlouchov\u00e1, Czech Institute of Egyptology, Charles University, Czech Republic: 2018-2021<\/strong><\/p>\n<p>Marie Peterkov\u00e1 Hlouchov\u00e1 was&nbsp;Chair of the Permanent Committee (2019-2021). Dr.&nbsp;Peterkov\u00e1 Hlouchov\u00e1 graduated in Egyptology and History (MA programme) at the Faculty of Arts, Charles University in Prague, where she also finished the doctoral study programme. She focuses on the Old Kingdom religion and she is also interested in wooden coffins from the 1st&nbsp;Millennium BC found in Abusir. Since 2015 she has participated in the archaeological excavations in Egypt and in Sudan. She is an editor of<i>Prague Egyptological Studies<\/i>. She is also one of the organisers of the international student conference <i>Current Research in Egyptology<\/i>&nbsp;(CRE) 2018 in Prague. For the years 2018\u20132021 she was a member of the Permanent committee of CRE. From 2020 she was a postdoc researcher in the KREAS project (Creativity and adaptability as conditions for the success of Europe in an interrelated world) and for 2023\u20132025 she is the principal investigator of the GA\u010cR project 23-04989S \u201cAncient Egyptian Burial Containers of the Old Kingdom and First Intermediate Period. Evolution, Contextualisation and Significance\u201d.<\/p>\n<p><img loading=\"lazy\" decoding=\"async\" class=\"aligncenter size-medium wp-image-3820\" src=\"http:\/\/cregyptology.org.uk\/wp-content\/uploads\/2014\/05\/Hlouchova-230x300.jpg\" alt=\"Marie Peterkov\u00e1 Hlouchov\u00e1\" width=\"230\" height=\"300\" srcset=\"http:\/\/cregyptology.org.uk\/wp-content\/uploads\/2014\/05\/Hlouchova-230x300.jpg 230w, http:\/\/cregyptology.org.uk\/wp-content\/uploads\/2014\/05\/Hlouchova-768x1002.jpg 768w, http:\/\/cregyptology.org.uk\/wp-content\/uploads\/2014\/05\/Hlouchova-785x1024.jpg 785w, http:\/\/cregyptology.org.uk\/wp-content\/uploads\/2014\/05\/Hlouchova.jpg 1312w\" sizes=\"auto, (max-width: 230px) 100vw, 230px\" \/><\/p>\n<p>&nbsp;<\/p>\n<p><strong>Dr. Jos\u00e9 Alba G\u00f3mez, Ja\u00e9n University, Spain: 2018-2021<\/strong><\/p>\n<p style=\"text-align: justify;\">Jos\u00e9 M. Alba G\u00f3mez fulfilled the role of&nbsp;webmaster for the CRE website. Dr. Alba G\u00f3mez is currently a research fellow at the University of Ja\u00e9n, <span lang=\"EN-US\">at <\/span><span lang=\"EN-US\">the Dept. Antropolog\u00eda, Geograf\u00eda e Historia, \u00c1rea de Historia Antigua, where he was previously Junior Research Fellow (2016 \u2013 2019 and 2021 &#8211; 2022). He was also a researcher <\/span><span lang=\"EN-US\">Ludwig-Maximilians-Universit\u00e4t \u2013 LMU<\/span><span lang=\"EN-US\"> (2023)<\/span><span lang=\"EN-US\">. <\/span><span lang=\"EN-US\">He collaborates as professor in the Master&#8217;s Degree in Egyptology at the University of Alcal\u00e1. <\/span><span lang=\"EN-US\">He finished his PhD thesis (2016) titled \u201cOlive tree cultivation and oil production in Ancient Egypt\u201d. His primary areas of interest are concerned with different aspects of Ancient History, Egyptology, Archaeology and funerary material culture, mostly pottery. He has obtained field experience through his participation in various archaeological projects in Spain and abroad (France, USA, Germany and Sudan). Director of Qau el-Kebir Expedition (<\/span><span lang=\"EN-US\">Asyut, Egypt) <\/span><span lang=\"EN-US\">since 2024, <\/span><span lang=\"EN-US\">co-director of the Qubbet el-Hawa Project (Aswan, Egypt) since 2016 and member since 2009. He is part as an archaeologist, ceramologist and researcher in several projects in Egypt: the Japanese-Egyptian mission in Saqqara North of the University of Kanazawa, the Middle Kingdom Theban Project of the University of Alcal\u00e1 and Qubbet el-Hawa North, of the Egyptian Museum of Berlin. <\/span><span lang=\"EN-US\">&nbsp;<\/span><\/p>\n<p style=\"text-align: center;\"><img loading=\"lazy\" decoding=\"async\" class=\"aligncenter size-medium wp-image-4878\" src=\"http:\/\/cregyptology.org.uk\/wp-content\/uploads\/2022\/10\/JMAG-300x300.jpg\" alt=\"Jos\u00e9 Alba G\u00f3mez\" width=\"300\" height=\"300\" srcset=\"http:\/\/cregyptology.org.uk\/wp-content\/uploads\/2022\/10\/JMAG-300x300.jpg 300w, http:\/\/cregyptology.org.uk\/wp-content\/uploads\/2022\/10\/JMAG-150x150.jpg 150w, http:\/\/cregyptology.org.uk\/wp-content\/uploads\/2022\/10\/JMAG-768x768.jpg 768w, http:\/\/cregyptology.org.uk\/wp-content\/uploads\/2022\/10\/JMAG.jpg 960w\" sizes=\"auto, (max-width: 300px) 100vw, 300px\" \/><\/p>\n<p>&nbsp;<\/p>\n<p><strong>Dr. Marwa Abel Razeq, Egyptian Museum Cairo, Egypt: 2018-2021<\/strong><\/p>\n<p style=\"text-align: justify;\"><strong>Dr. Ilaria Incordino, Grantee of&nbsp;<\/strong><b>of the Shelby White and Leon Levy Program for Archaeological Publication, Harvard<span class=\"Apple-converted-space\">&nbsp;University:&nbsp;<\/span><\/b><strong>2017-2019<\/strong><\/p>\n<p style=\"text-align: justify;\">Ilaria Incordino was&nbsp;Chair of the Permanent Committee (2018-2019).&nbsp;Since 2007, Dr. Ilaria Incordino has participated in several archaeological missions in Egypt (Archaeological Mission in the Eastern Desert (Egypt), University of Naples \u201cL\u2019Orientale\u201d, University of Cairo, University of Helwan; Archaeological Mission at Mersa\/Wadi Gawasis (Egypt), University of Naples \u201cL\u2019Orientale\u201d, Boston University). She obtained a BA and PhD in Egyptology at the University of Naples \u201cL\u2019Orientale\u201d with a dissertation about the \u201c<i>Chronological Problems of the IIIrd Egyptian Dynasty. A re-examination of the archaeological documents<\/i>\u201d. She also taught Egyptology for BA students (72 hours) and organized several conferences, seminars and summer schools (2019 Summer School \u201cThe Pottery of the Nile Valley. Classification, documentation and new methodology of analysis\u201d; 2017 CRE 2017 Current Research in Egyptology conference; 2015 Seminar \u201cFlora Trade between Egypt and Africa in Antiquity\u201d, 2008 the \u201dFirst Neapolitan Congress of Egyptology\u201d) at the University of Naples \u201cL\u2019Orientale\u201d. She is author of several papers and a monograph about Bet Khallaf site, and is currently Deputy Director of the Italian-Egyptian Archaeological Mission at the Monastery of \u2018Abba Nefer\u2019 at Manqabad (Asyut, Egypt), University of Naples \u201cL\u2019Orientale\u201d.<span class=\"Apple-converted-space\">&nbsp;<\/span><\/p>\n<p style=\"text-align: center;\"><img loading=\"lazy\" decoding=\"async\" class=\"aligncenter size-medium wp-image-4874\" src=\"http:\/\/cregyptology.org.uk\/wp-content\/uploads\/2022\/10\/Incordino-headshot-240x300.jpg\" alt=\"Ilaria Incordino\" width=\"240\" height=\"300\" srcset=\"http:\/\/cregyptology.org.uk\/wp-content\/uploads\/2022\/10\/Incordino-headshot-240x300.jpg 240w, http:\/\/cregyptology.org.uk\/wp-content\/uploads\/2022\/10\/Incordino-headshot-768x961.jpg 768w, http:\/\/cregyptology.org.uk\/wp-content\/uploads\/2022\/10\/Incordino-headshot.jpg 808w\" sizes=\"auto, (max-width: 240px) 100vw, 240px\" \/><\/p>\n<p style=\"text-align: center;\">&nbsp;<\/p>\n<p style=\"text-align: left;\"><strong>Dr. Julia Hamilton: 2016-2018<\/strong><\/p>\n<p style=\"text-align: left;\">Julia Hamilton was Chair of the Permanent Committee (2017-2018).<\/p>\n<p style=\"text-align: left;\"><strong>Dr. Wojtek Ejsmond: 2016-2018<\/strong><\/p>\n<p style=\"text-align: left;\"><strong>Dr. Maxwell Stocker: 2016-2018<\/strong><\/p>\n<p style=\"text-align: left;\"><strong>Dr. Sol\u00e8ne Klein: 2015 -2017<\/strong><\/p>\n<p style=\"text-align: left;\">Sol\u00e8ne Klein&nbsp;was Chair of the Permanent Committee (2016-2017).<\/p>\n<p><strong>If you are a previous member of the Permanent Committee and would like to have your photo and\/or biography listed on our page, please contact us at crepermanentcommittee@gmail.com.<\/strong><\/p>\n","protected":false},"excerpt":{"rendered":"<p>Geirr Kristian Homme Lunden, University of Basel, Switzerland: 2023-2025 Geirr Lunden was Chair of the Permanent Committee (2024-2025). He is a doctoral student at the University of Basel in Switzerland, <a class=\"more-link\" href=\"http:\/\/cregyptology.org.uk\/?page_id=4416\">Continue Reading &rarr;<\/a><\/p>\n","protected":false},"author":1,"featured_media":0,"parent":0,"menu_order":0,"comment_status":"closed","ping_status":"closed","template":"","meta":{"ngg_post_thumbnail":0,"footnotes":""},"class_list":["post-4416","page","type-page","status-publish","hentry"],"_links":{"self":[{"href":"http:\/\/cregyptology.org.uk\/index.php?rest_route=\/wp\/v2\/pages\/4416","targetHints":{"allow":["GET"]}}],"collection":[{"href":"http:\/\/cregyptology.org.uk\/index.php?rest_route=\/wp\/v2\/pages"}],"about":[{"href":"http:\/\/cregyptology.org.uk\/index.php?rest_route=\/wp\/v2\/types\/page"}],"author":[{"embeddable":true,"href":"http:\/\/cregyptology.org.uk\/index.php?rest_route=\/wp\/v2\/users\/1"}],"replies":[{"embeddable":true,"href":"http:\/\/cregyptology.org.uk\/index.php?rest_route=%2Fwp%2Fv2%2Fcomments&post=4416"}],"version-history":[{"count":22,"href":"http:\/\/cregyptology.org.uk\/index.php?rest_route=\/wp\/v2\/pages\/4416\/revisions"}],"predecessor-version":[{"id":5320,"href":"http:\/\/cregyptology.org.uk\/index.php?rest_route=\/wp\/v2\/pages\/4416\/revisions\/5320"}],"wp:attachment":[{"href":"http:\/\/cregyptology.org.uk\/index.php?rest_route=%2Fwp%2Fv2%2Fmedia&parent=4416"}],"curies":[{"name":"wp","href":"https:\/\/api.w.org\/{rel}","templated":true}]}}