{"id":4313,"date":"2021-12-09T12:19:02","date_gmt":"2021-12-09T12:19:02","guid":{"rendered":"http:\/\/cregyptology.org.uk\/?page_id=4313"},"modified":"2024-11-24T02:15:31","modified_gmt":"2024-11-24T02:15:31","slug":"4313-2","status":"publish","type":"page","link":"http:\/\/cregyptology.org.uk\/?page_id=4313","title":{"rendered":"CRE 2022 Montpellier: Keynote Speakers"},"content":{"rendered":"<p>&nbsp;<\/p>\n<p><a href=\"http:\/\/cregyptology.org.uk\/wp-content\/uploads\/2021\/12\/Gabolde_CRE-2022-7.jpg\"><img loading=\"lazy\" decoding=\"async\" class=\"aligncenter size-large wp-image-4314\" src=\"http:\/\/cregyptology.org.uk\/wp-content\/uploads\/2021\/12\/Gabolde_CRE-2022-7-1024x576.jpg\" alt=\"Pr\u00e9sentation PowerPoint\" width=\"640\" height=\"360\" srcset=\"http:\/\/cregyptology.org.uk\/wp-content\/uploads\/2021\/12\/Gabolde_CRE-2022-7-1024x576.jpg 1024w, http:\/\/cregyptology.org.uk\/wp-content\/uploads\/2021\/12\/Gabolde_CRE-2022-7-300x169.jpg 300w, http:\/\/cregyptology.org.uk\/wp-content\/uploads\/2021\/12\/Gabolde_CRE-2022-7-768x432.jpg 768w\" sizes=\"auto, (max-width: 640px) 100vw, 640px\" \/><\/a><\/p>\n<p style=\"text-align: justify;\">\u00ab&nbsp;Tutankhamun or How to Make New out of Old&nbsp;\u00bb<\/p>\n<p style=\"text-align: justify;\">Dr. Prof. <strong>Marc Gabolde<\/strong> held the chair of Egyptology at Paul-Val\u00e9ry Montpellier 3 University, specialized in the Eighteenth Dynasty. He is a world-renowned scholar for his numerous publications on the Amarna period. He is currently a senior researcher assigned to the CNRS (2020-2022) in Luxor, at the Centre Franco-\u00c9gyptien d&#8217;\u00c9tude des Temples de Karnak (CFEETK), where he studies the blocks spread within the temple enclosure and belonging to the memorial constructed by A\u00ff for Tutankhamun. Further informations at:&nbsp;<a href=\"http:\/\/www.montpellier-egyptologie.fr\/equipe\/marc-gabolde\/\">http:\/\/www.montpellier-egyptologie.fr\/equipe\/marc-gabolde\/<\/a><\/p>\n<p style=\"text-align: justify;\">&nbsp;<\/p>\n<p style=\"text-align: justify;\">&nbsp;<\/p>\n<p style=\"text-align: justify;\"><a href=\"http:\/\/cregyptology.org.uk\/wp-content\/uploads\/2021\/12\/Gonzalez_CRE-2022-8.jpg\"><img loading=\"lazy\" decoding=\"async\" class=\"aligncenter size-large wp-image-4317\" src=\"http:\/\/cregyptology.org.uk\/wp-content\/uploads\/2021\/12\/Gonzalez_CRE-2022-8-1024x576.jpg\" alt=\"Pr\u00e9sentation PowerPoint\" width=\"640\" height=\"360\" srcset=\"http:\/\/cregyptology.org.uk\/wp-content\/uploads\/2021\/12\/Gonzalez_CRE-2022-8-1024x576.jpg 1024w, http:\/\/cregyptology.org.uk\/wp-content\/uploads\/2021\/12\/Gonzalez_CRE-2022-8-300x169.jpg 300w, http:\/\/cregyptology.org.uk\/wp-content\/uploads\/2021\/12\/Gonzalez_CRE-2022-8-768x432.jpg 768w\" sizes=\"auto, (max-width: 640px) 100vw, 640px\" \/><\/a><\/p>\n<p style=\"text-align: justify;\">\u00ab&nbsp;The Archives and Library of the Egyptology Research Group in Montpellier&nbsp;\u00bb<\/p>\n<p style=\"text-align: justify;\">Mr. <strong>J\u00e9r\u00f4me Gonzalez<\/strong> is Ing\u00e9nieur d\u2019\u00e9tudes (i.e. \u201cResearch Associates\u201d) at Paul-Val\u00e9ry Montpellier 3 University, specialized in Late Period as well as Greek and Roman Periods. Since 2013, he is in charge of the Egyptological Library of Montpellier (awarded \u201cCollections of Excellence\u201d in 2018 by the French Ministry of Higher Education and Research), which has more than 30 000 books housed in four rooms. He is also Keeper of the Scientific Archives at the Institut d\u2019\u00e9gyptologie Fran\u00e7ois Daumas (now ENiM team), including the documents of \u00c9mile Chassinat, Raymond Weill, Alexandre Piankoff and Fran\u00e7ois Daumas. In the field, he is involved in the Archaeological Project at Oxyrhynchus since several years. Further informations at: <a href=\"http:\/\/www.montpellier-egyptologie.fr\/...\/jerome-gonzalez\/\">http:\/\/www.montpellier-egyptologie.fr\/&#8230;\/jerome-gonzalez\/<\/a><\/p>\n<p style=\"text-align: justify;\">&nbsp;<\/p>\n<p style=\"text-align: justify;\">&nbsp;<\/p>\n<p style=\"text-align: justify;\"><a href=\"http:\/\/cregyptology.org.uk\/wp-content\/uploads\/2021\/12\/Lippert_CRE-2022-9.jpg\"><img loading=\"lazy\" decoding=\"async\" class=\"aligncenter size-large wp-image-4318\" src=\"http:\/\/cregyptology.org.uk\/wp-content\/uploads\/2021\/12\/Lippert_CRE-2022-9-1024x576.jpg\" alt=\"Pr\u00e9sentation PowerPoint\" width=\"640\" height=\"360\" srcset=\"http:\/\/cregyptology.org.uk\/wp-content\/uploads\/2021\/12\/Lippert_CRE-2022-9-1024x576.jpg 1024w, http:\/\/cregyptology.org.uk\/wp-content\/uploads\/2021\/12\/Lippert_CRE-2022-9-300x169.jpg 300w, http:\/\/cregyptology.org.uk\/wp-content\/uploads\/2021\/12\/Lippert_CRE-2022-9-768x432.jpg 768w\" sizes=\"auto, (max-width: 640px) 100vw, 640px\" \/><\/a><\/p>\n<p style=\"text-align: justify;\">\u00ab&nbsp;Demotic Studies: Current Research and Perspectives&nbsp;\u00bb<\/p>\n<p style=\"text-align: justify;\">Dr. <strong>Sandra Lippert<\/strong> specializes in Demotic studies and the Ptolemaic and Roman periods, with interests as varied as epigraphy, history of law, geography, economy and religion. She has published many books and papers dedicated to the Fayum and is also a member of the Athribis ostraca project. After studying Egyptology in Germany, where she defended her PhD, she worked in the USA before settling in France where she now holds a position as &#8216;Directrice de recherche&#8217; at the CNRS. To discover her achievements, just follow this link: <a href=\"http:\/\/www.archeo.ens.fr\/Lippert-Sandra-Luisa.html\">http:\/\/www.archeo.ens.fr\/Lippert-Sandra-Luisa.html<\/a><\/p>\n<p style=\"text-align: justify;\">&nbsp;<\/p>\n<p style=\"text-align: justify;\">&nbsp;<\/p>\n<p style=\"text-align: justify;\"><a href=\"http:\/\/cregyptology.org.uk\/wp-content\/uploads\/2021\/12\/Moreno-Garcia_CRE-2022-10.jpg\"><img loading=\"lazy\" decoding=\"async\" class=\"aligncenter size-large wp-image-4320\" src=\"http:\/\/cregyptology.org.uk\/wp-content\/uploads\/2021\/12\/Moreno-Garcia_CRE-2022-10-1024x576.jpg\" alt=\"Pr\u00e9sentation PowerPoint\" width=\"640\" height=\"360\" srcset=\"http:\/\/cregyptology.org.uk\/wp-content\/uploads\/2021\/12\/Moreno-Garcia_CRE-2022-10-1024x576.jpg 1024w, http:\/\/cregyptology.org.uk\/wp-content\/uploads\/2021\/12\/Moreno-Garcia_CRE-2022-10-300x169.jpg 300w, http:\/\/cregyptology.org.uk\/wp-content\/uploads\/2021\/12\/Moreno-Garcia_CRE-2022-10-768x432.jpg 768w\" sizes=\"auto, (max-width: 640px) 100vw, 640px\" \/><\/a><\/p>\n<p style=\"text-align: justify;\">\u00ab&nbsp;Egyptology and Social Sciences: Challenges and Perspectives in a Changing Academic Environment&nbsp;\u00bb<\/p>\n<p style=\"text-align: justify;\">Dr. <strong>Juan Carlos Moreno Garcia<\/strong> is \u201cDirecteur de recherch\u00e9\u201d at the CNRS. He is a prolific writer on many subjects, mostly relating to the economy, administration and society of Ancient Egypt. One of his last published books, written with Dr. Damien Agut-Labord\u00e8re, presents a new take on the history of Egypt entitled \u201cL&#8217;Egypte des pharaons. De Narmer \u00e0 Diocl\u00e9tien\u201d (Paris, 2016). He also has a strong interest in the history of Egyptology as well as the status of the discipline in the context of the modern world, a subject which he will discuss next September in his keynote. Find out more about his career here: <a href=\"https:\/\/www.orient-mediterranee.com\/spip.php?article1401\">https:\/\/www.orient-mediterranee.com\/spip.php?article1401<\/a><\/p>\n<p style=\"text-align: justify;\">&nbsp;<\/p>\n<p style=\"text-align: justify;\">&nbsp;<\/p>\n<p style=\"text-align: justify;\"><a href=\"http:\/\/cregyptology.org.uk\/wp-content\/uploads\/2021\/12\/Redon_CRE-2022-11.jpg\"><img loading=\"lazy\" decoding=\"async\" class=\"aligncenter size-large wp-image-4321\" src=\"http:\/\/cregyptology.org.uk\/wp-content\/uploads\/2021\/12\/Redon_CRE-2022-11-1024x576.jpg\" alt=\"Pr\u00e9sentation PowerPoint\" width=\"640\" height=\"360\" srcset=\"http:\/\/cregyptology.org.uk\/wp-content\/uploads\/2021\/12\/Redon_CRE-2022-11-1024x576.jpg 1024w, http:\/\/cregyptology.org.uk\/wp-content\/uploads\/2021\/12\/Redon_CRE-2022-11-300x169.jpg 300w, http:\/\/cregyptology.org.uk\/wp-content\/uploads\/2021\/12\/Redon_CRE-2022-11-768x432.jpg 768w\" sizes=\"auto, (max-width: 640px) 100vw, 640px\" \/><\/a><\/p>\n<p style=\"text-align: justify;\">\u00ab&nbsp;Latest Discoveries in the Eastern Desert &amp; Mareotis Area&nbsp;\u00bb<\/p>\n<p style=\"text-align: justify;\">Dr. <strong>B\u00e9rang\u00e8re Redon<\/strong> is an Historian and an Archaeologist, specialized in cultural encounters between the populations established on Egyptian soil from the Late Period to the Roman period. She is currently \u201cCharg\u00e9e de recherch\u00e9\u201d (i.e. \u201cJunior Researcher\u201d) at the CNRS (HiSoMA, Lyon). She focuses on the study of the Greek presence in the north-west Delta and in the Eastern Desert (Bronze Medal CNRS, 2016). Since 2018, she is director of the Taposiris and Plinthine mission (Mediterranean coast of Egypt) and deputy director of the French mission in the Eastern Desert. Since 2017, she leads the ERC project \u201cDesert Networks: Into the Eastern Desert of Egypt from the New Kingdom to the Roman period\u201d. Further informations at: <a href=\"https:\/\/www.hisoma.mom.fr\/annuaire\/redon-berangere\">https:\/\/www.hisoma.mom.fr\/annuaire\/redon-berangere<\/a><\/p>\n<p style=\"text-align: justify;\">&nbsp;<\/p>\n<p style=\"text-align: justify;\">&nbsp;<\/p>\n<p style=\"text-align: justify;\"><a href=\"http:\/\/cregyptology.org.uk\/wp-content\/uploads\/2021\/12\/R\u00e9gen_CRE-2022-12.jpg\"><img loading=\"lazy\" decoding=\"async\" class=\"aligncenter size-large wp-image-4322\" src=\"http:\/\/cregyptology.org.uk\/wp-content\/uploads\/2021\/12\/R\u00e9gen_CRE-2022-12-1024x576.jpg\" alt=\"Pr\u00e9sentation PowerPoint\" width=\"640\" height=\"360\" srcset=\"http:\/\/cregyptology.org.uk\/wp-content\/uploads\/2021\/12\/R\u00e9gen_CRE-2022-12-1024x576.jpg 1024w, http:\/\/cregyptology.org.uk\/wp-content\/uploads\/2021\/12\/R\u00e9gen_CRE-2022-12-300x169.jpg 300w, http:\/\/cregyptology.org.uk\/wp-content\/uploads\/2021\/12\/R\u00e9gen_CRE-2022-12-768x432.jpg 768w\" sizes=\"auto, (max-width: 640px) 100vw, 640px\" \/><\/a><\/p>\n<p style=\"text-align: justify;\">\u00ab&nbsp;The Labyrinthic Tomb of Padiamenope&nbsp;\u00bb<\/p>\n<p style=\"text-align: justify;\">Dr. <strong>Isabelle R\u00e9gen<\/strong> is an Egyptologist and a former Scientific Member at the Institut fran\u00e7ais d\u2019arch\u00e9ologie orientale (2003-2007). Since 2007, she is \u201cIng\u00e9nieure de recherch\u00e9\u201d (i.e. \u201cSenior Research Associates\u201d) at Paul-Val\u00e9ry Montpellier 3 University. Her research interests include in particular ancient Egyptian funerary religion (lexicography, rituals and texts) and natural history. She is the co-director with Prof. Claude Traunecker of the French Epigraphical Mission in the Tomb of Petamenophis (Padiamenope, TT 33, Dyn. 25-26) where she has been working since 2004 (joint team from the IFAO, Strasbourg and Montpellier universities). Further informations at: <a href=\"http:\/\/www.montpellier-egyptologie.fr\/equipe\/isabelle-regen\/\">http:\/\/www.montpellier-egyptologie.fr\/equipe\/isabelle-regen\/<\/a><\/p>\n<p style=\"text-align: justify;\">&nbsp;<\/p>\n<p style=\"text-align: justify;\">&nbsp;<\/p>\n<p style=\"text-align: justify;\"><a href=\"http:\/\/cregyptology.org.uk\/wp-content\/uploads\/2021\/12\/Vernus_CRE-2022-13.jpg\"><img loading=\"lazy\" decoding=\"async\" class=\"aligncenter size-large wp-image-4323\" src=\"http:\/\/cregyptology.org.uk\/wp-content\/uploads\/2021\/12\/Vernus_CRE-2022-13-1024x576.jpg\" alt=\"Pr\u00e9sentation PowerPoint\" width=\"640\" height=\"360\" srcset=\"http:\/\/cregyptology.org.uk\/wp-content\/uploads\/2021\/12\/Vernus_CRE-2022-13-1024x576.jpg 1024w, http:\/\/cregyptology.org.uk\/wp-content\/uploads\/2021\/12\/Vernus_CRE-2022-13-300x169.jpg 300w, http:\/\/cregyptology.org.uk\/wp-content\/uploads\/2021\/12\/Vernus_CRE-2022-13-768x432.jpg 768w\" sizes=\"auto, (max-width: 640px) 100vw, 640px\" \/><\/a><\/p>\n<p style=\"text-align: justify;\">\u00ab&nbsp;The Egyptian Hieroglyphs and their Place within the Most Ancient Writings of the World: a Semiotic, Sociolinguistic and Historical Overview\u201d<\/p>\n<p style=\"text-align: justify;\">Dr. Prof. <strong>Pascal Vernus<\/strong> is Directeur d&#8217;\u00c9tudes \u00c9m\u00e9rite at the Ecole Pratique des Hautes Etudes in Paris. Philologist and linguist, his main research interests are Ancient Egyptian literature, history of ideas, religion and fauna. He is a former Scientific member of the Institut francais d&#8217;Arch\u00e9ologie Orientale (IFAO) in Cairo (1973-1976), he held the chair of Egyptology at the Ecole Pratique des Hautes Etudes from 1976 to 2013, and his career is punctuate by several important scientific appointments and prizes. For more information: <a href=\"https:\/\/prosopo.ephe.psl.eu\/pascal-vernus\">https:\/\/prosopo.ephe.psl.eu\/pascal-vernus<\/a><\/p>\n<p>&nbsp;<\/p>\n","protected":false},"excerpt":{"rendered":"<p>&nbsp; \u00ab&nbsp;Tutankhamun or How to Make New out of Old&nbsp;\u00bb Dr. Prof. Marc Gabolde held the chair of Egyptology at Paul-Val\u00e9ry Montpellier 3 University, specialized in the Eighteenth Dynasty. He <a class=\"more-link\" href=\"http:\/\/cregyptology.org.uk\/?page_id=4313\">Continue Reading &rarr;<\/a><\/p>\n","protected":false},"author":1,"featured_media":0,"parent":0,"menu_order":0,"comment_status":"closed","ping_status":"closed","template":"","meta":{"ngg_post_thumbnail":0,"footnotes":""},"class_list":["post-4313","page","type-page","status-publish","hentry"],"_links":{"self":[{"href":"http:\/\/cregyptology.org.uk\/index.php?rest_route=\/wp\/v2\/pages\/4313","targetHints":{"allow":["GET"]}}],"collection":[{"href":"http:\/\/cregyptology.org.uk\/index.php?rest_route=\/wp\/v2\/pages"}],"about":[{"href":"http:\/\/cregyptology.org.uk\/index.php?rest_route=\/wp\/v2\/types\/page"}],"author":[{"embeddable":true,"href":"http:\/\/cregyptology.org.uk\/index.php?rest_route=\/wp\/v2\/users\/1"}],"replies":[{"embeddable":true,"href":"http:\/\/cregyptology.org.uk\/index.php?rest_route=%2Fwp%2Fv2%2Fcomments&post=4313"}],"version-history":[{"count":1,"href":"http:\/\/cregyptology.org.uk\/index.php?rest_route=\/wp\/v2\/pages\/4313\/revisions"}],"predecessor-version":[{"id":5009,"href":"http:\/\/cregyptology.org.uk\/index.php?rest_route=\/wp\/v2\/pages\/4313\/revisions\/5009"}],"wp:attachment":[{"href":"http:\/\/cregyptology.org.uk\/index.php?rest_route=%2Fwp%2Fv2%2Fmedia&parent=4313"}],"curies":[{"name":"wp","href":"https:\/\/api.w.org\/{rel}","templated":true}]}}