{"id":3708,"date":"2018-09-14T11:34:48","date_gmt":"2018-09-14T11:34:48","guid":{"rendered":"http:\/\/cregyptology.org.uk\/?page_id=3708"},"modified":"2024-11-24T04:10:37","modified_gmt":"2024-11-24T04:10:37","slug":"speakers","status":"publish","type":"page","link":"http:\/\/cregyptology.org.uk\/?page_id=3708","title":{"rendered":"CRE 2019 Alcal\u00e1 de Henares: Keynote Speakers"},"content":{"rendered":"<p style=\"text-align: justify;\"><strong>Jos\u00e9 Manuel Gal\u00e1n Allu\u00e9<\/strong><\/p>\n<p style=\"text-align: justify;\">Jos\u00e9 Manuel Gal\u00e1n is Research Professor of Egyptology in the Department of Near Eastern and Mediterranean Languages and Cultures at the Consejo Nacional de Investigaciones Cient\u00edficas (CSIC, Madrid). He received his PhD in Egyptology from John Hopkins University (Baltimore) under the direction of Hans Goedicke. He is the director of the Djehuty Project and the archaeological mission of the CSIC at Dra Abu el-Naga. He has published several monographs: <em>En busca de Djehuty<\/em> (Madrid 2006); <em>Four Journeys in Ancient Egyptian Literature<\/em> (G\u00f6ttingen 2005); <em>El imperio egipcio<\/em> (Barcelona 2002); and <em>Victory and Border<\/em> (Hildesheim 1995); and is the author of numerous articles on peer-reviewed journals, magazines, and contributions to books.<\/p>\n<p style=\"text-align: justify;\"><strong><a href=\"http:\/\/cregyptology.org.uk\/wp-content\/uploads\/2018\/09\/Speaker_Galan_Photo.jpg\"><img loading=\"lazy\" decoding=\"async\" class=\"aligncenter size-medium wp-image-3710\" src=\"http:\/\/cregyptology.org.uk\/wp-content\/uploads\/2018\/09\/Speaker_Galan_Photo-300x193.jpg\" alt=\"speaker_galan_photo\" width=\"300\" height=\"193\" srcset=\"http:\/\/cregyptology.org.uk\/wp-content\/uploads\/2018\/09\/Speaker_Galan_Photo-300x193.jpg 300w, http:\/\/cregyptology.org.uk\/wp-content\/uploads\/2018\/09\/Speaker_Galan_Photo.jpg 600w\" sizes=\"auto, (max-width: 300px) 100vw, 300px\" \/><\/a><\/strong><\/p>\n<p style=\"text-align: justify;\"><strong>Alejandro Jim\u00e9nez Serrano<\/strong><\/p>\n<p style=\"text-align: justify;\">Alejandro Jim\u00e9nez is Assoc. Professor of Egyptian Archaeology in the Department of Anthropology, Geography and History at the University of Ja\u00e9n (UJA). He studied at Ja\u00e9n and University College London (UCL). He is the director of the Qubbet el-Hawa Project and the UJA archaeological mission to Qubbet el-Hawa in Aswan. His main research interests are the origins of writing, the relations of Egypt and Nubia, and the Middle Kingdom archaeology. He has published several monographs: <em>Royal Festivals in the Late Predynastic and the First Dynast<\/em>y (Oxford 2002); <em>La Piedra de Palermo<\/em> (Madrid 2004); <em>Los primeros reyes<\/em> (Madrid 2007); <em>Historia de Egipto de Manet\u00f3n<\/em> (Madrid 2008); and <em>From the Delta to the Cataract <\/em>(co-edited with C. von Pilgrim: Boston-Leiden 2015). In addition, he has authored multiple papers on Middle Kingdom history and archaeology, the origins of Egyptian writing, and Predynastic socio-political issues.<\/p>\n<p style=\"text-align: justify;\"><a href=\"http:\/\/cregyptology.org.uk\/wp-content\/uploads\/2018\/09\/Speaker_Jime\u0301nez_Photo.jpg\"><img loading=\"lazy\" decoding=\"async\" class=\"aligncenter size-medium wp-image-3711\" src=\"http:\/\/cregyptology.org.uk\/wp-content\/uploads\/2018\/09\/Speaker_Jime\u0301nez_Photo-300x168.jpg\" alt=\"speaker_jimenez_photo\" width=\"300\" height=\"168\" srcset=\"http:\/\/cregyptology.org.uk\/wp-content\/uploads\/2018\/09\/Speaker_Jime\u0301nez_Photo-300x168.jpg 300w, http:\/\/cregyptology.org.uk\/wp-content\/uploads\/2018\/09\/Speaker_Jime\u0301nez_Photo.jpg 644w\" sizes=\"auto, (max-width: 300px) 100vw, 300px\" \/><\/a><\/p>\n<p style=\"text-align: justify;\"><strong>Josu\u00e9<\/strong> <strong>J<\/strong><strong>. <\/strong><strong>Justel<\/strong><\/p>\n<p style=\"text-align: justify;\">Josue\u0301 J. Justel is currently Assistant Professor of Ancient History \u2013 Assyriology at the University of Alcal\u00e1. He graduated at the University of Zaragoza in 2002, promoted in 2007, and completed different Postgraduate courses and research stays at the Consejo Superior de Investigaciones Cient\u00edficas (2003-2006), Institut Catholique de Paris (2004, 2008), Coll\u00e9ge de France (2004, 2008), Unit\u00e9 Mixte de Recherche 7041 \u2013 Arch\u00e9ologie et Sciences de l\u2019Antiquit\u00e9 (Nanterre, 2010-2012), Freie Universit\u00e4t Berlin (2006), Universit\u00e4t Leipzig (2009-2010), and Universit\u00e4t Heidelberg (2017). His main field of specialization is the study of cuneiform sources recovered in Northern Mesopotamia and Syria during the Late Bronze Age. His most recent publications are <em>Mujeres y derecho en el Pr\u00f3ximo Oriente Antiguo<\/em> (Zaragoza 2014); <em>Las mujeres en el Oriente cuneiforme<\/em> (co-edited with A. Garc\u00eda-Ventura: Alcal\u00e1 2018); and \u201cBlindness in Nuzi Texts\u201d, in <em>Die Welt des Orients<\/em> 47 (2017).<\/p>\n<p style=\"text-align: justify;\"><a href=\"http:\/\/cregyptology.org.uk\/wp-content\/uploads\/2018\/09\/Speaker_Justel_Photo.jpg\"><img loading=\"lazy\" decoding=\"async\" class=\"aligncenter size-medium wp-image-3712\" src=\"http:\/\/cregyptology.org.uk\/wp-content\/uploads\/2018\/09\/Speaker_Justel_Photo-300x199.jpg\" alt=\"speaker_justel_photo\" width=\"300\" height=\"199\" srcset=\"http:\/\/cregyptology.org.uk\/wp-content\/uploads\/2018\/09\/Speaker_Justel_Photo-300x199.jpg 300w, http:\/\/cregyptology.org.uk\/wp-content\/uploads\/2018\/09\/Speaker_Justel_Photo-768x510.jpg 768w, http:\/\/cregyptology.org.uk\/wp-content\/uploads\/2018\/09\/Speaker_Justel_Photo-1024x680.jpg 1024w, http:\/\/cregyptology.org.uk\/wp-content\/uploads\/2018\/09\/Speaker_Justel_Photo.jpg 1072w\" sizes=\"auto, (max-width: 300px) 100vw, 300px\" \/><\/a><\/p>\n<p style=\"text-align: justify;\"><strong>Miguel \u00c1ngel Molinero Polo<\/strong><\/p>\n<p style=\"text-align: justify;\">Miguel \u00c1ngel Molinero obtained his BA degree in Egyptology at the University Paris IV \u2013 La Sorbonne, and his PhD in Ancient History at the University Complutense de Madrid (UCM). Currently, he is Professor of Egyptology at the University of La Laguna (ULL, Tenerife) and Head of the Master degree in Archaeology at the Universities of La Laguna and Las Palmas. In addition, he contributes as visiting professor of Egyptian religion in the Master in Egyptology at the UAB. He is the director of the Proyecto dos cero nueve, the archaeological mission of the University of La Laguna working at TT 209 in Asasif. He has participated in several other missions, including the Italian archaeological mission working in the tombs of Harwa (TT 37), Akhimeru (TT 404), and Pabasa (TT 279), and the South Asasif Conservation Project in the tombs of Karakhamun (TT 223), Irtieru (TT 390), and Karabasken (TT 391) in South Asasif. He has published extensively in peer-reviewed journals, magazines, and contributions to books.<\/p>\n<p style=\"text-align: justify;\"><a href=\"http:\/\/cregyptology.org.uk\/wp-content\/uploads\/2018\/09\/Speaker_Molinero_Photo.jpg\"><img loading=\"lazy\" decoding=\"async\" class=\"aligncenter size-medium wp-image-3713\" src=\"http:\/\/cregyptology.org.uk\/wp-content\/uploads\/2018\/09\/Speaker_Molinero_Photo-300x173.jpg\" alt=\"speaker_molinero_photo\" width=\"300\" height=\"173\" srcset=\"http:\/\/cregyptology.org.uk\/wp-content\/uploads\/2018\/09\/Speaker_Molinero_Photo-300x173.jpg 300w, http:\/\/cregyptology.org.uk\/wp-content\/uploads\/2018\/09\/Speaker_Molinero_Photo.jpg 646w\" sizes=\"auto, (max-width: 300px) 100vw, 300px\" \/><\/a><\/p>\n<p style=\"text-align: justify;\"><strong>Antonio J. Morales<br \/>\n<\/strong><\/p>\n<p style=\"text-align: justify;\">Antonio Morales is Assistant Professor of Egyptology in the Seminar of Ancient History at the University of Alcal\u00e1 (UAH). Previously, he occupied positions as lecturer and research assistant in the Institute of Egyptology at Freie Universit\u00e4t Berlin, postdoctoral researcher at Heidelberg Universit\u00e4t and assistant in the Department of Egypt and Sudan in the British Museum. He obtained his PhD in Egyptology at the University of Pennsylvania (Philadelphia, 2013). Antonio has participated in several expeditions to Abydos, Saqqara, El-Amra, Thebes, and Aswan, and is the head of the Middle Kingdom Theban Project and the UAH archaeological mission to Deir el-Bahari. He has published articles in peer-reviewed journals, magazines, and contributions to books, as well as co-edited a monograph on the production, use, and meaning of beer in the ancient world (Seville 2001) and a volume on kingship in ancient Egypt and Mesopotamia (Philadelphia 2011). Recently, he has published a monograph on the Pyramid Texts of Nut (Hamburg 2017), and is currently editing a volume on religious literature to be published in 2019.<\/p>\n<p style=\"text-align: justify;\"><a href=\"http:\/\/cregyptology.org.uk\/wp-content\/uploads\/2018\/09\/Speaker_Morales_Photo.jpg\"><img loading=\"lazy\" decoding=\"async\" class=\"aligncenter size-medium wp-image-3714\" src=\"http:\/\/cregyptology.org.uk\/wp-content\/uploads\/2018\/09\/Speaker_Morales_Photo-300x226.jpg\" alt=\"speaker_morales_photo\" width=\"300\" height=\"226\" srcset=\"http:\/\/cregyptology.org.uk\/wp-content\/uploads\/2018\/09\/Speaker_Morales_Photo-300x226.jpg 300w, http:\/\/cregyptology.org.uk\/wp-content\/uploads\/2018\/09\/Speaker_Morales_Photo-768x578.jpg 768w, http:\/\/cregyptology.org.uk\/wp-content\/uploads\/2018\/09\/Speaker_Morales_Photo.jpg 961w\" sizes=\"auto, (max-width: 300px) 100vw, 300px\" \/><\/a><\/p>\n<p style=\"text-align: justify;\"><strong>Juan Carlos Moreno Garc\u00eda<\/strong><\/p>\n<p style=\"text-align: justify;\">Juan Carlos Moreno Garc\u00eda (PhD in Egyptology, 1995) is a&nbsp;CNRS&nbsp;senior researcher at the University of Paris IV-Sorbonne, as well as lecturer on social and economic history of ancient Egypt at the \u00c9cole des Hautes \u00c9tudes en Sciences Sociales (EHESS) in Paris. He has published extensively on the administration, socio-economic history, and landscape organization of ancient Egypt, usually in a comparative perspective with other civilizations of the ancient world, and has organized several conferences on these topics. Recent publications include&nbsp;<em>Dynamics of Production in the Ancient Near East, 1300-500 BC<\/em>&nbsp;(Oxford 2016);&nbsp;<em>L\u2019\u00c9gypte des pharaons. <\/em><em>De Narmer \u00e0 Diocl\u00e9tien (3150 av. J.-C.-284 apr. J.-C.)<\/em>&nbsp;(Paris 2016); and&nbsp;<em>Ancient Egyptian Administration<\/em>&nbsp;(Boston-Leiden 2013).&nbsp;He is also chief editor of&nbsp;<em>The Journal of Egyptian History<\/em>&nbsp;(Brill), area editor (\u201cEconomy\u201d) of the&nbsp;<em>UCLA&nbsp;Encyclopedia of Egyptology<\/em>, and series co-editor of <em>Ancient Egypt in Context<\/em> (Cambridge University Press).<\/p>\n<p style=\"text-align: justify;\"><strong><a href=\"http:\/\/cregyptology.org.uk\/wp-content\/uploads\/2018\/09\/Speaker_Moreno_Photo.png\"><img loading=\"lazy\" decoding=\"async\" class=\"aligncenter size-medium wp-image-3715\" src=\"http:\/\/cregyptology.org.uk\/wp-content\/uploads\/2018\/09\/Speaker_Moreno_Photo-300x207.png\" alt=\"speaker_moreno_photo\" width=\"300\" height=\"207\" srcset=\"http:\/\/cregyptology.org.uk\/wp-content\/uploads\/2018\/09\/Speaker_Moreno_Photo-300x207.png 300w, http:\/\/cregyptology.org.uk\/wp-content\/uploads\/2018\/09\/Speaker_Moreno_Photo.png 561w\" sizes=\"auto, (max-width: 300px) 100vw, 300px\" \/><\/a><\/strong><b><\/b><\/p>\n<p style=\"text-align: justify;\"><b>Joan Oller Guzm\u00e1n<\/b><\/p>\n<p style=\"text-align: justify;\">Joan Oller is a lecturer in the Department of Ancient and Medieval Sciences at the Autonomous University of Barcelona (UAB). He specializes on historical and territorial analysis of several areas in Roman times, including Laietania and La Cerdanya in the region of Catalonia. He is also interested on the territorial organization of Egypt in Roman times. He has participated in the Berenike Project and the Eastern Desert Survey, and is currently the Director of Sikait Project. This project continues with previous works in the area by the \u201cWadi Gemal Project\u201d, developed by S.E. Sidebotham, Professor at Delaware University, and counts with the collaboration of the Polish Centre of Mediterranean Archaeology.<\/p>\n<p style=\"text-align: justify;\"><a href=\"http:\/\/cregyptology.org.uk\/wp-content\/uploads\/2018\/09\/joan_oller_guzma\u0301n_CRE.jpg\"><img loading=\"lazy\" decoding=\"async\" class=\"aligncenter size-medium wp-image-3744\" src=\"http:\/\/cregyptology.org.uk\/wp-content\/uploads\/2018\/09\/joan_oller_guzma\u0301n_CRE-300x248.jpg\" alt=\"joan_oller_guzman_cre\" width=\"300\" height=\"248\" srcset=\"http:\/\/cregyptology.org.uk\/wp-content\/uploads\/2018\/09\/joan_oller_guzma\u0301n_CRE-300x248.jpg 300w, http:\/\/cregyptology.org.uk\/wp-content\/uploads\/2018\/09\/joan_oller_guzma\u0301n_CRE-768x636.jpg 768w, http:\/\/cregyptology.org.uk\/wp-content\/uploads\/2018\/09\/joan_oller_guzma\u0301n_CRE-1024x848.jpg 1024w\" sizes=\"auto, (max-width: 300px) 100vw, 300px\" \/><\/a><\/p>\n<p style=\"text-align: justify;\"><strong><span lang=\"EN-GB\">Jos\u00e9 Ram\u00f3n P\u00e9rez-Accino Picatoste<\/span><\/strong><\/p>\n<p style=\"text-align: justify;\"><span lang=\"EN-GB\">Jos\u00e9 Ram\u00f3n P\u00e9rez-Accino Picatoste is Lecturer in Egyptology at the Department of Prehistory, Ancient History and Archaeology in the Complutense University of Madrid (UCM). He studied in Madrid and University College London (UCL). Since 2017 he is the director of the C2 Project, Royal Cache Wadi Survey in Luxor. His main research interest is the understanding of the Egyptian thought through its literary texts and, in particular, in the conception of space as a structural element of written expression in the Egyptian language and its link with landscape archaeology. Among his most recent works one can mention &#8220;The framework of the meeting narrative uses of stelae in Egyptian literary texts&#8221;,&nbsp;<em>Trabajos de Egiptolog\u00eda &#8211; Papers on Ancient Egypt&nbsp;<\/em>8 (2017), 291-300; and &#8220;Who is the sage talking about? Neferty and the Egyptian sense of history&#8221;, in Kousoulis, P. and N. Lazaridis (eds),&nbsp;<em>Proceedings of the Tenth International Congress of Egyptologists: University of the Aegean, Rhodes.<span class=\"m_602370239994197349Apple-converted-space\">&nbsp;<\/span><\/em><\/span><em>22-29 May 2008<\/em>&nbsp;2, Leuven, 2015, 1495-1502.<\/p>\n<p style=\"text-align: justify;\"><a href=\"http:\/\/cregyptology.org.uk\/wp-content\/uploads\/2018\/09\/104403117001_5632054385001_5632022714001-vs.jpg\"><img loading=\"lazy\" decoding=\"async\" class=\"aligncenter size-medium wp-image-3749\" src=\"http:\/\/cregyptology.org.uk\/wp-content\/uploads\/2018\/09\/104403117001_5632054385001_5632022714001-vs-300x201.jpg\" alt=\"104403117001_5632054385001_5632022714001-vs\" width=\"300\" height=\"201\" srcset=\"http:\/\/cregyptology.org.uk\/wp-content\/uploads\/2018\/09\/104403117001_5632054385001_5632022714001-vs-300x201.jpg 300w, http:\/\/cregyptology.org.uk\/wp-content\/uploads\/2018\/09\/104403117001_5632054385001_5632022714001-vs.jpg 743w\" sizes=\"auto, (max-width: 300px) 100vw, 300px\" \/><\/a><\/p>\n<p style=\"text-align: justify;\"><strong>Mari Carmen P\u00e9rez Die<\/strong><\/p>\n<p style=\"text-align: justify;\">Mar\u00eda del Carmen P\u00e9rez Die (PhD in Ancient History, 1990) is Head Curator of the Department of Egyptian and Near Eastern Antiquities at the Archaeological National Museum in Madrid (MAN). She has served as Museum director between 1991 and 1997, and is member of several committees and associations such as the International Association pour l\u2019Egyptologie Committee, the Spanish Association of Egyptology, and the Spanish Committee for the Rescue of Tyre. She has received several awards, including the National Prize of the Spanish Geographical Society, the Medal of the Order of Isabel, and the Gold Medal of the Supreme Council of Antiquities of Egypt. She has published several monographs, including the most recent <em>Heracl\u00e9opolis Magna. La necr\u00f3polis \u201creal\u201d del Tercer Periodo Intermedio y su reutilizaci\u00f3n<\/em> (Madrid 2018), and multiple articles in peer-reviewed journals, magazines, and contributions to books. She is the head of the archaeological mission of MAN to Herakleopolis Magna.<\/p>\n<p style=\"text-align: justify;\"><a href=\"http:\/\/cregyptology.org.uk\/wp-content\/uploads\/2018\/09\/Speaker_Pe\u0301rez_Photo.png\"><img loading=\"lazy\" decoding=\"async\" class=\"aligncenter size-medium wp-image-3716\" src=\"http:\/\/cregyptology.org.uk\/wp-content\/uploads\/2018\/09\/Speaker_Pe\u0301rez_Photo-300x200.png\" alt=\"speaker_perez_photo\" width=\"300\" height=\"200\" srcset=\"http:\/\/cregyptology.org.uk\/wp-content\/uploads\/2018\/09\/Speaker_Pe\u0301rez_Photo-300x200.png 300w, http:\/\/cregyptology.org.uk\/wp-content\/uploads\/2018\/09\/Speaker_Pe\u0301rez_Photo-768x512.png 768w, http:\/\/cregyptology.org.uk\/wp-content\/uploads\/2018\/09\/Speaker_Pe\u0301rez_Photo.png 1024w\" sizes=\"auto, (max-width: 300px) 100vw, 300px\" \/><\/a><\/p>\n","protected":false},"excerpt":{"rendered":"<p>Jos\u00e9 Manuel Gal\u00e1n Allu\u00e9 Jos\u00e9 Manuel Gal\u00e1n is Research Professor of Egyptology in the Department of Near Eastern and Mediterranean Languages and Cultures at the Consejo Nacional de Investigaciones Cient\u00edficas <a class=\"more-link\" href=\"http:\/\/cregyptology.org.uk\/?page_id=3708\">Continue Reading &rarr;<\/a><\/p>\n","protected":false},"author":1,"featured_media":0,"parent":0,"menu_order":0,"comment_status":"closed","ping_status":"closed","template":"","meta":{"ngg_post_thumbnail":0,"footnotes":""},"class_list":["post-3708","page","type-page","status-publish","hentry"],"_links":{"self":[{"href":"http:\/\/cregyptology.org.uk\/index.php?rest_route=\/wp\/v2\/pages\/3708","targetHints":{"allow":["GET"]}}],"collection":[{"href":"http:\/\/cregyptology.org.uk\/index.php?rest_route=\/wp\/v2\/pages"}],"about":[{"href":"http:\/\/cregyptology.org.uk\/index.php?rest_route=\/wp\/v2\/types\/page"}],"author":[{"embeddable":true,"href":"http:\/\/cregyptology.org.uk\/index.php?rest_route=\/wp\/v2\/users\/1"}],"replies":[{"embeddable":true,"href":"http:\/\/cregyptology.org.uk\/index.php?rest_route=%2Fwp%2Fv2%2Fcomments&post=3708"}],"version-history":[{"count":1,"href":"http:\/\/cregyptology.org.uk\/index.php?rest_route=\/wp\/v2\/pages\/3708\/revisions"}],"predecessor-version":[{"id":5078,"href":"http:\/\/cregyptology.org.uk\/index.php?rest_route=\/wp\/v2\/pages\/3708\/revisions\/5078"}],"wp:attachment":[{"href":"http:\/\/cregyptology.org.uk\/index.php?rest_route=%2Fwp%2Fv2%2Fmedia&parent=3708"}],"curies":[{"name":"wp","href":"https:\/\/api.w.org\/{rel}","templated":true}]}}