{"id":3684,"date":"2018-09-14T11:07:34","date_gmt":"2018-09-14T11:07:34","guid":{"rendered":"http:\/\/cregyptology.org.uk\/?page_id=3684"},"modified":"2024-11-24T04:13:53","modified_gmt":"2024-11-24T04:13:53","slug":"useful-information-cre-2019","status":"publish","type":"page","link":"http:\/\/cregyptology.org.uk\/?page_id=3684","title":{"rendered":"CRE 2019 Alcal\u00e1 de Henares: Useful Information"},"content":{"rendered":"<p style=\"text-align: justify;\"><strong><u>The city of Alcal\u00e1 de Henares<\/u><\/strong><\/p>\n<p style=\"text-align: justify;\">The city of Alcal\u00e1 de Henares is 30 km away from Madrid, the capital of Spain. Alcal\u00e1 is a city of astonishing beauty, recognized as a World Heritage Centre, largely because of the historical and architectural significance of its University. The origins of the University of Alcal\u00e1 go back to Medieval times, although it was during the first years of the Sixteenth Century when the city took its place as a mayor centre of Humanism, during the Renaissance. Part of this glorious past is nowadays reflected in the monumentality of its main buildings. The most important of them is the Mayor College of San Ildefonso, which nowadays is the central building of the University Govern. It is in this impressive building where we will be hosting our CRE conference.<\/p>\n<p style=\"text-align: justify;\"><a href=\"http:\/\/cregyptology.org.uk\/wp-content\/uploads\/2018\/09\/Foto-1.jpg\"><img loading=\"lazy\" decoding=\"async\" class=\"aligncenter size-medium wp-image-3726\" src=\"http:\/\/cregyptology.org.uk\/wp-content\/uploads\/2018\/09\/Foto-1-300x189.jpg\" alt=\"foto-1\" width=\"300\" height=\"189\" srcset=\"http:\/\/cregyptology.org.uk\/wp-content\/uploads\/2018\/09\/Foto-1-300x189.jpg 300w, http:\/\/cregyptology.org.uk\/wp-content\/uploads\/2018\/09\/Foto-1-768x485.jpg 768w, http:\/\/cregyptology.org.uk\/wp-content\/uploads\/2018\/09\/Foto-1-1024x646.jpg 1024w, http:\/\/cregyptology.org.uk\/wp-content\/uploads\/2018\/09\/Foto-1.jpg 2000w\" sizes=\"auto, (max-width: 300px) 100vw, 300px\" \/><\/a><\/p>\n<p style=\"text-align: justify;\">Alcal\u00e1 is one of the most important touristic sites in the Community of Madrid. Engaging locations such as the house of Miguel de Cervantes, the famous author of Don Quijote de la Mancha, the well preserved Roman archaeological site of Complutum, the cathedral of Alcal\u00e1, the Episcopal palace, and the city walls are just a few examples of charming places that one can visit within the city.<\/p>\n<p style=\"text-align: justify;\">If you would like to know more about such a lovely city, we suggest you to visit:<\/p>\n<p style=\"text-align: justify;\"><a href=\"http:\/\/www.turismoalcala.es\/\">http:\/\/www.turismoalcala.es\/<\/a><\/p>\n<p style=\"text-align: justify;\"><a href=\"http:\/\/www.alcalanow.com\/\">http:\/\/www.alcalanow.com\/<\/a><\/p>\n<p style=\"text-align: justify;\"><strong><u>Visa information:<\/u><\/strong><\/p>\n<p style=\"text-align: justify;\">Regarding the visa entry for non-European participants, you may need to ask for a visa document in the Spanish Embassy or Consulate in your country. The University will be happy to provide you with an invitation letter if needed. If this is your case, you will find all the necessary information in the following link:<\/p>\n<p style=\"text-align: justify;\"><a href=\"http:\/\/www.exteriores.gob.es\/Portal\/en\/ServiciosAlCiudadano\/InformacionParaExtranjeros\/Paginas\/Inicio.aspx\">http:\/\/www.exteriores.gob.es\/Portal\/en\/ServiciosAlCiudadano\/InformacionParaExtranjeros\/Paginas\/Inicio.aspx<\/a><\/p>\n<p style=\"text-align: justify;\"><strong>&nbsp;<u>How to get to Alcal\u00e1<\/u><\/strong><\/p>\n<p style=\"text-align: justify;\"><a href=\"http:\/\/cregyptology.org.uk\/wp-content\/uploads\/2018\/09\/mapa-web.jpg\"><img loading=\"lazy\" decoding=\"async\" class=\"aligncenter size-medium wp-image-3731\" src=\"http:\/\/cregyptology.org.uk\/wp-content\/uploads\/2018\/09\/mapa-web-300x196.jpg\" alt=\"mapa-web\" width=\"300\" height=\"196\" srcset=\"http:\/\/cregyptology.org.uk\/wp-content\/uploads\/2018\/09\/mapa-web-300x196.jpg 300w, http:\/\/cregyptology.org.uk\/wp-content\/uploads\/2018\/09\/mapa-web-768x503.jpg 768w, http:\/\/cregyptology.org.uk\/wp-content\/uploads\/2018\/09\/mapa-web.jpg 1001w\" sizes=\"auto, (max-width: 300px) 100vw, 300px\" \/><\/a><\/p>\n<p style=\"text-align: justify;\"><strong>&nbsp;FROM THE AIRPORT<\/strong><\/p>\n<p style=\"text-align: justify;\"><strong>If you are traveling by plane, the best option is to flight to Adolfo S\u00faarez Madrid-Barajas International Airport<\/strong>, which is only 20 km away from the city of Alcal\u00e1. There are several options to proceed from the airport to Alcal\u00e1:<\/p>\n<ul style=\"text-align: justify;\">\n<li><strong>By bus: <\/strong><\/li>\n<\/ul>\n<p style=\"text-align: justify;\">The bus is the cheapest and easiest option to get from the airport to Alcal\u00e1. The price of the one-way ticket is 3,60 \u20ac. The ride lasts around 40 minutes from the airport to downtown Alcal\u00e1. Information about schedule and routes is available here: <a href=\"http:\/\/www.alcalanow.com\/bus-airport-alcala\/\">http:\/\/www.alcalanow.com\/bus-airport-alcala\/<\/a><\/p>\n<ul style=\"text-align: justify;\">\n<li>If you are landing in terminals T1 and T2, you should take <strong>Bus<\/strong> <strong>824,<\/strong> which travels directly to the city of Alcal\u00e1 de Henares.<\/li>\n<li>If you are landing in terminals T3 and T4, then you should take the airport transfer bus (free service), which will take you to terminals T2 and T1, where you can take Bus 824 to Alcal\u00e1 de Henares.<\/li>\n<\/ul>\n<p style=\"text-align: justify;\"><strong>Be aware<\/strong> that you will have to deposit by yourself your own luggage in the lower compartment of the bus. Then you can get on the bus and pay your ticket directly to the driver. If you are traveling by yourself, do not pay with <strong>bills higher than 5 \u20ac<\/strong>, since drivers do not usually carry any change and may not have cash for your change.<\/p>\n<ul style=\"text-align: justify;\">\n<li><strong>By train:<\/strong><\/li>\n<\/ul>\n<p style=\"text-align: justify;\">There is no direct connection between the airport and Alcal\u00e1. This means that you will need to travel by train first to Madrid and then transfer to the line running to Alcal\u00e1 de Henares.<\/p>\n<p style=\"text-align: justify;\">The train station is located at terminal T4. If you are landing in terminals T1, T2 or T3, then you will need to take the transfer airport free bus to terminal T4.<\/p>\n<p style=\"text-align: justify;\">From the Airport Train Station (in terminal T4), you can take any train in the direction of Principe P\u00edo. After five stations (up to Atocha), you can get off in Atocha and take a short distance train (in Spanish \u201cCercan\u00edas\u201d) to Alcal\u00e1 de Henares: basically, <strong>line<\/strong> <strong>C-7 <\/strong>(to Alcal\u00e1 de Henares) and <strong>line<\/strong> <strong>C-2<\/strong> (to Guadalajara, passing by Alcal\u00e1 de Henares).<\/p>\n<ul style=\"text-align: justify;\">\n<li><strong>By subway:<\/strong><\/li>\n<\/ul>\n<p style=\"text-align: justify;\">Since there is no subway network connecting with Alcal\u00e1, taking the subway in the airport <strong>is not a good option<\/strong>. If you take the subway, then you will need to go to Madrid, and after several changes you will arrive to Atocha train station, where you will be able to take a train from line C-7 or C-2. <strong>We recommend not to take the subway.<\/strong><\/p>\n<ul style=\"text-align: justify;\">\n<li><strong>By taxi:<\/strong><\/li>\n<\/ul>\n<p style=\"text-align: justify;\">Taking a taxi is, of course, the most comfortable and easiest way, but it is also the most expensive option. A taxi will cost you around 40-50\u20ac, and could be considered the best and easiest option if you were traveling with a group of 3-4 persons.<\/p>\n<p style=\"text-align: justify;\">&nbsp;<\/p>\n<p style=\"text-align: justify;\"><strong>FROM MADRID<\/strong><\/p>\n<p style=\"text-align: justify;\"><strong>If you are flying to any other Spanish airport than Barajas Airport or you choose to travel by train or bus to Madrid<\/strong>, then you will need to get to the train station of Atocha in Madrid, where you will be able to take a short distance train (lines C-7 and C-2) or a bus to Alcal\u00e1.<\/p>\n<p style=\"text-align: justify;\">In case you would like to take the train, please see the instructions above.<\/p>\n<p style=\"text-align: justify;\">If you prefer to take the bus, several bus-lines cover the distance between Madrid and Alcal\u00e1 de Henares. Besides the aforementioned Bus 824, which stops at the airport, four other buses can take you to Alcal\u00e1. Buses <strong>223<\/strong>, <strong>227<\/strong>, and <strong>229<\/strong> operate during daytime, while Bus <strong>N202<\/strong> works during night-time. All of them depart from the \u201cAvenida de Am\u00e9rica\u201d bus station and reach the city of Alcal\u00e1.<\/p>\n<p style=\"text-align: justify;\">You can check schedules and routes in the following website: <a href=\"http:\/\/www.ayto-alcaladehenares.es\/portalAlcala\/contenedor1.jsp?seccion=s_fdes_d4_v1.jsp&amp;codbusqueda=454&amp;language=es&amp;codResi=1&amp;codMenuPN=2&amp;codMenuSN=195&amp;codMenuTN=380&amp;codMenu=480&amp;layout=contenedor1.jsp\">http:\/\/www.ayto-alcaladehenares.es\/portalAlcala\/contenedor1.jsp?seccion=s_fdes_d4_v1.jsp&amp;codbusqueda=454&amp;language=es&amp;codResi=1&amp;codMenuPN=2&amp;codMenuSN=195&amp;codMenuTN=380&amp;codMenu=480&amp;layout=contenedor1.jsp<\/a><\/p>\n<p style=\"text-align: justify;\">If you prefer to take a taxi, see instructions above. The taxi fare to Alcal\u00e1 will be similar whether you take the bus from the airport or from Madrid itself.<\/p>\n<p style=\"text-align: justify;\"><strong><u>Accommodation in Alcal\u00e1<\/u><\/strong><\/p>\n<p style=\"text-align: justify;\">At this point we are pursuing the possibility to ensure special prices with several hotels at Alcal\u00e1 and with our UAH Accommodation Services in order to offer some discounts to the CRE participants. <strong>We will provide more information<\/strong> about these options in the Call for Registration.<\/p>\n<p><a href=\"http:\/\/cregyptology.org.uk\/wp-content\/uploads\/2018\/09\/debod-tri\u0301ptico.png\"><img loading=\"lazy\" decoding=\"async\" class=\"aligncenter size-medium wp-image-3727\" src=\"http:\/\/cregyptology.org.uk\/wp-content\/uploads\/2018\/09\/debod-tri\u0301ptico-300x99.png\" alt=\"debod-triptico\" width=\"300\" height=\"99\" srcset=\"http:\/\/cregyptology.org.uk\/wp-content\/uploads\/2018\/09\/debod-tri\u0301ptico-300x99.png 300w, http:\/\/cregyptology.org.uk\/wp-content\/uploads\/2018\/09\/debod-tri\u0301ptico-768x254.png 768w, http:\/\/cregyptology.org.uk\/wp-content\/uploads\/2018\/09\/debod-tri\u0301ptico-1024x338.png 1024w\" sizes=\"auto, (max-width: 300px) 100vw, 300px\" \/><\/a><\/p>\n<p>&nbsp;<\/p>\n","protected":false},"excerpt":{"rendered":"<p>The city of Alcal\u00e1 de Henares The city of Alcal\u00e1 de Henares is 30 km away from Madrid, the capital of Spain. Alcal\u00e1 is a city of astonishing beauty, recognized <a class=\"more-link\" href=\"http:\/\/cregyptology.org.uk\/?page_id=3684\">Continue Reading &rarr;<\/a><\/p>\n","protected":false},"author":1,"featured_media":0,"parent":0,"menu_order":0,"comment_status":"closed","ping_status":"closed","template":"","meta":{"ngg_post_thumbnail":0,"footnotes":""},"class_list":["post-3684","page","type-page","status-publish","hentry"],"_links":{"self":[{"href":"http:\/\/cregyptology.org.uk\/index.php?rest_route=\/wp\/v2\/pages\/3684","targetHints":{"allow":["GET"]}}],"collection":[{"href":"http:\/\/cregyptology.org.uk\/index.php?rest_route=\/wp\/v2\/pages"}],"about":[{"href":"http:\/\/cregyptology.org.uk\/index.php?rest_route=\/wp\/v2\/types\/page"}],"author":[{"embeddable":true,"href":"http:\/\/cregyptology.org.uk\/index.php?rest_route=\/wp\/v2\/users\/1"}],"replies":[{"embeddable":true,"href":"http:\/\/cregyptology.org.uk\/index.php?rest_route=%2Fwp%2Fv2%2Fcomments&post=3684"}],"version-history":[{"count":1,"href":"http:\/\/cregyptology.org.uk\/index.php?rest_route=\/wp\/v2\/pages\/3684\/revisions"}],"predecessor-version":[{"id":5082,"href":"http:\/\/cregyptology.org.uk\/index.php?rest_route=\/wp\/v2\/pages\/3684\/revisions\/5082"}],"wp:attachment":[{"href":"http:\/\/cregyptology.org.uk\/index.php?rest_route=%2Fwp%2Fv2%2Fmedia&parent=3684"}],"curies":[{"name":"wp","href":"https:\/\/api.w.org\/{rel}","templated":true}]}}