{"id":3489,"date":"2017-10-24T19:30:02","date_gmt":"2017-10-24T19:30:02","guid":{"rendered":"http:\/\/cregyptology.org.uk\/?page_id=3489"},"modified":"2024-11-24T03:30:44","modified_gmt":"2024-11-24T03:30:44","slug":"featured-speakers","status":"publish","type":"page","link":"http:\/\/cregyptology.org.uk\/?page_id=3489","title":{"rendered":"CRE 2018 Prague: Keynote Speakers"},"content":{"rendered":"<p>Ladislav Bare\u0161<\/p>\n<p>Egyptologist with long-term experience in archaeological and epigraphical work in Egypt. He focuses on the questions of Egyptian archaeology and history in the 1st millennium B.C. and the related development of ancient Egyptian religious concepts. He also deals with the history of Egyptological research in the Czech Republic. He has taken part in archaeological works in Egypt since 1974. Currently, he coordinates the subprojects focussing on the religious and spiritual traditions of ancient Egypt and the history and culture of ancient Egypt. He is teaching courses in ancient Egyptian history, archaeology and religion at the Faculty of Arts.<\/p>\n<p>&nbsp;<\/p>\n<p><img loading=\"lazy\" decoding=\"async\" class=\"aligncenter size-medium wp-image-3498\" src=\"http:\/\/cregyptology.org.uk\/wp-content\/uploads\/2017\/10\/Bares-mensi-300x276.png\" alt=\"bares-mensi\" width=\"300\" height=\"276\"><\/p>\n<p>&nbsp;<\/p>\n<p>Jana Myn\u00e1\u0159ov\u00e1<\/p>\n<p>Jana Myn\u00e1\u0159ov\u00e1&nbsp;is an Associate Professor of Egyptology at the Czech Institute of Egyptology. Being both an Assyriologist and Egyptologist she is interested in various aspects of the relations between Egypt and the Ancient Near East in the 2<sup>nd <\/sup>millennium BC, with special attention given to documents in Peripheral Akkadian from the Late Bronze Age. Her research focuses predominantly on cuneiform texts from the Late Bronze Age, scribal education and transmission of knowledge, diplomacy and law in the 2<sup>nd<\/sup> millennium, and the Egyptian foreign policy in the New Kingdom. She is the author and co-author of several books and studies on the topic (Language of Amarna &#8211; Language of Diplomacy, Prague 2007). Presently, she carries a research project devoted to the study of Amarna cuneiform palaeography. She is the main organizer of the Crossroads conferences (Prague 2010, 2014), devoted to interrelations in the Eastern Mediterranean in antiquity.<\/p>\n<p>&nbsp;<\/p>\n<p><img loading=\"lazy\" decoding=\"async\" class=\"aligncenter size-medium wp-image-3495\" src=\"http:\/\/cregyptology.org.uk\/wp-content\/uploads\/2017\/10\/JM_crossroads-small-292x300.jpg\" alt=\"jm_crossroads-small\" width=\"292\" height=\"300\" srcset=\"http:\/\/cregyptology.org.uk\/wp-content\/uploads\/2017\/10\/JM_crossroads-small-292x300.jpg 292w, http:\/\/cregyptology.org.uk\/wp-content\/uploads\/2017\/10\/JM_crossroads-small.jpg 464w\" sizes=\"auto, (max-width: 292px) 100vw, 292px\" \/><\/p>\n<p>&nbsp;<\/p>\n<p>Filip Coppens<\/p>\n<p>Filip Coppens is an archaeologist and Egyptologist, with an interest&nbsp;in all aspects of the history, culture, languages and religion of Egypt during the Ptolemaic and Roman period. His main focus is on all facets of the traditional Egyptian&nbsp;temples of Ptolemaic and Roman times&nbsp;and the Ptolemaic script. He is one of the organisers of the&nbsp;<em>Abusir and Saqqara<\/em>&nbsp;conferences, held once every five years in Prague. He has taken part in archaeological and epigraphic research in Egypt since 1995. He teaches ancient Egyptian languages (Middle and New Egyptian, Ptolemaic), and&nbsp;history and archaeology of Ptolemaic and Roman Egypt at the Faculty of Arts of the Charles University.<\/p>\n<p>&nbsp;<\/p>\n<p><img loading=\"lazy\" decoding=\"async\" class=\"aligncenter size-medium wp-image-3501\" src=\"http:\/\/cregyptology.org.uk\/wp-content\/uploads\/2017\/10\/filip_oriznute-mensi-196x300.jpg\" alt=\"filip_oriznute-mensi\" width=\"196\" height=\"300\"><\/p>\n<p>&nbsp;<\/p>\n<p>Hana Vymazalov\u00e1<\/p>\n<p>Hana Vymazalov\u00e1 graduated in Egyptology and Logic at the Faculty of Arts, Charles University in Prague, acquired her PhD in Egyptology in 2005 and since 2016 is an Associate Professor of Egyptology. She specializes on the economy of the Old Kingdom royal funerary complexes. She also studies ancient Egyptian science, especially mathematics and medicine of the ancient Egyptians. She participates in the international project of the Old Hieratic Palaeography (in cooperation with Institut fran\u00e7ais d\u2019arch\u00e9ologie orientale du Caire). Since 2006 she participates in the Czech archaeological excavation in Abusir and since 2015 she is a member of the Egyptian mission in south Saqqara. In addition to that, she gives lectures for students of Egyptology. She is member of The International Association of Egyptologists (IAE).<\/p>\n<p>&nbsp;<\/p>\n<p><img loading=\"lazy\" decoding=\"async\" class=\"aligncenter size-full wp-image-3507\" src=\"http:\/\/cregyptology.org.uk\/wp-content\/uploads\/2017\/10\/HanaV_CRE.jpg\" alt=\"hanav_cre\" width=\"237\" height=\"283\"><\/p>\n","protected":false},"excerpt":{"rendered":"<p>Ladislav Bare\u0161 Egyptologist with long-term experience in archaeological and epigraphical work in Egypt. He focuses on the questions of Egyptian archaeology and history in the 1st millennium B.C. and the <a class=\"more-link\" href=\"http:\/\/cregyptology.org.uk\/?page_id=3489\">Continue Reading &rarr;<\/a><\/p>\n","protected":false},"author":1,"featured_media":0,"parent":0,"menu_order":0,"comment_status":"closed","ping_status":"closed","template":"","meta":{"ngg_post_thumbnail":0,"footnotes":""},"class_list":["post-3489","page","type-page","status-publish","hentry"],"_links":{"self":[{"href":"http:\/\/cregyptology.org.uk\/index.php?rest_route=\/wp\/v2\/pages\/3489","targetHints":{"allow":["GET"]}}],"collection":[{"href":"http:\/\/cregyptology.org.uk\/index.php?rest_route=\/wp\/v2\/pages"}],"about":[{"href":"http:\/\/cregyptology.org.uk\/index.php?rest_route=\/wp\/v2\/types\/page"}],"author":[{"embeddable":true,"href":"http:\/\/cregyptology.org.uk\/index.php?rest_route=\/wp\/v2\/users\/1"}],"replies":[{"embeddable":true,"href":"http:\/\/cregyptology.org.uk\/index.php?rest_route=%2Fwp%2Fv2%2Fcomments&post=3489"}],"version-history":[{"count":3,"href":"http:\/\/cregyptology.org.uk\/index.php?rest_route=\/wp\/v2\/pages\/3489\/revisions"}],"predecessor-version":[{"id":5038,"href":"http:\/\/cregyptology.org.uk\/index.php?rest_route=\/wp\/v2\/pages\/3489\/revisions\/5038"}],"wp:attachment":[{"href":"http:\/\/cregyptology.org.uk\/index.php?rest_route=%2Fwp%2Fv2%2Fmedia&parent=3489"}],"curies":[{"name":"wp","href":"https:\/\/api.w.org\/{rel}","templated":true}]}}