{"id":3478,"date":"2017-10-23T18:02:31","date_gmt":"2017-10-23T18:02:31","guid":{"rendered":"http:\/\/cregyptology.org.uk\/?page_id=3478"},"modified":"2024-11-24T03:32:18","modified_gmt":"2024-11-24T03:32:18","slug":"meet-the-committee","status":"publish","type":"page","link":"http:\/\/cregyptology.org.uk\/?page_id=3478","title":{"rendered":"CRE 2018 Prague: Organising committee"},"content":{"rendered":"<p>Dana B\u011blohoubkov\u00e1<\/p>\n<p>Dana B\u011blohoubkov\u00e1 has received her MA in Egyptology from the Czech Institute of Egyptology, as well as MA in Classical Archaeology and Ethnology from the Institute of Classical Archaeology, both situated at the Charles University in Prague. Currently, she is a PhD candidate at the Czech Institute of Egyptology working on a research topic \u2018Manifestation of the Pharaoh in the 18<sup>th<\/sup> and 19<sup>th<\/sup> Dynasties\u2019. Since 2013, she works at the same Institute as an assistant of a librarian. Her main research interest concerns the ideology of power during the New Kingdom Egypt. Since 2015, she is a member of an archaeological expedition to Abusir, specifically working in the cemeteries dated to the Old Kingdom and the Late Period respectively. She is also a member of the Late Period epigraphic team and a main researcher of a graduate student project \u2018Texts for protection of the body recorded on inner sarcophagi of the Saite-Persian era from Abusir\u2019, financed by the Charles University. She was also a member of The Colossi of Memnon and Amenhotep III Temple Conservation Project\u2019s team in 2016.<\/p>\n<p><img loading=\"lazy\" decoding=\"async\" class=\"size-medium wp-image-3485 alignnone\" src=\"http:\/\/cregyptology.org.uk\/wp-content\/uploads\/2017\/10\/FGB9884-300x200.jpg\" alt=\"_fgb9884\" width=\"300\" height=\"200\" srcset=\"http:\/\/cregyptology.org.uk\/wp-content\/uploads\/2017\/10\/FGB9884-300x200.jpg 300w, http:\/\/cregyptology.org.uk\/wp-content\/uploads\/2017\/10\/FGB9884-768x512.jpg 768w, http:\/\/cregyptology.org.uk\/wp-content\/uploads\/2017\/10\/FGB9884-1024x683.jpg 1024w\" sizes=\"auto, (max-width: 300px) 100vw, 300px\" \/><\/p>\n<p>Marie Peterkov\u00e1 Hlouchov\u00e1<\/p>\n<p>Marie Peterkov\u00e1 Hlouchov\u00e1 graduated in Egyptology and History at the Faculty of Arts, Charles University in Prague. Currently, she continues with the doctoral study programme there. She focuses on the Old Kingdom religion (mainly on the sun cult) and she is also interested in wooden coffins from the 1<sup>st<\/sup> Millennium BC found at Abusir. Since 2015 she participates in the archaeological excavations in Egypt and in the Sudan. She is one of the executive editors of <em>Prague Egyptological Studies<\/em>.<\/p>\n<p><img loading=\"lazy\" decoding=\"async\" class=\"aligncenter size-medium wp-image-3486\" src=\"http:\/\/cregyptology.org.uk\/wp-content\/uploads\/2017\/10\/DSC06688-2-199x300.jpg\" alt=\"dsc06688-2\" width=\"199\" height=\"300\" srcset=\"http:\/\/cregyptology.org.uk\/wp-content\/uploads\/2017\/10\/DSC06688-2-199x300.jpg 199w, http:\/\/cregyptology.org.uk\/wp-content\/uploads\/2017\/10\/DSC06688-2-768x1156.jpg 768w, http:\/\/cregyptology.org.uk\/wp-content\/uploads\/2017\/10\/DSC06688-2-680x1024.jpg 680w, http:\/\/cregyptology.org.uk\/wp-content\/uploads\/2017\/10\/DSC06688-2.jpg 1376w\" sizes=\"auto, (max-width: 199px) 100vw, 199px\" \/><\/p>\n<p>Ji\u0159\u00ed Honzl<\/p>\n<p>Ji\u0159\u00ed Honzl completed his MA in Egyptology in 2016. He also studied classical archaeology and philology. Since then, he is PhD candidate of the Czech Institute of Egyptology working on dissertation project \u201cLatin in Egypt\u201d. He is also interested in other phenomena relating to coexistence and interactions of Egyptian and classical cultures, especially Graeco-Roman tourism in Egypt. Since 2014, he also has been a member of the Archaeological Expedition to Wad Ben Naga in the Sudan of the National Museum \u2013 N\u00e1prstek Museum of African, Asian and American Cultures in Prague where he specialises on pottery from the Meroitic period. He also took part in archaeological expedition to Abusir of the Czech Institute of Egyptology in 2016.<\/p>\n<p><img loading=\"lazy\" decoding=\"async\" class=\"size-medium wp-image-3487 alignright\" src=\"http:\/\/cregyptology.org.uk\/wp-content\/uploads\/2017\/10\/14691963_10207444366214557_6298292183258371811_o-272x300.jpg\" alt=\"14691963_10207444366214557_6298292183258371811_o\" width=\"272\" height=\"300\" srcset=\"http:\/\/cregyptology.org.uk\/wp-content\/uploads\/2017\/10\/14691963_10207444366214557_6298292183258371811_o-272x300.jpg 272w, http:\/\/cregyptology.org.uk\/wp-content\/uploads\/2017\/10\/14691963_10207444366214557_6298292183258371811_o-768x847.jpg 768w, http:\/\/cregyptology.org.uk\/wp-content\/uploads\/2017\/10\/14691963_10207444366214557_6298292183258371811_o.jpg 779w\" sizes=\"auto, (max-width: 272px) 100vw, 272px\" \/><\/p>\n<p>&nbsp;<\/p>\n<p>&nbsp;<\/p>\n<p>&nbsp;<\/p>\n<p>&nbsp;<\/p>\n<p>&nbsp;<\/p>\n<p>&nbsp;<\/p>\n<p>&nbsp;<\/p>\n<p>&nbsp;<\/p>\n<p>V\u011bra Nov\u00e1kov\u00e1<\/p>\n<p>V\u011bra Nov\u00e1kov\u00e1\u00a0graduated in Egyptology and Auxiliary Historical Sciences and Archive Studies in the Faculty of Arts, Charles University. Currently, she continues with the doctoral study in Egyptology. She specializes in ancient Egyptian society and administration concentrating on the question of patronage, complexity, etc. In her dissertation she analyses the development of Egyptian household as is reflected in the iconography of Old Kingdom elite tombs. She is also interested in ancient Egyptian material culture, with a focus on the Old Kingdom stone sarcophagi and their social context. She has archaeological experience from excavations in the Czech Republic.<\/p>\n<p><img loading=\"lazy\" decoding=\"async\" class=\"size-medium wp-image-3527 alignleft\" src=\"http:\/\/cregyptology.org.uk\/wp-content\/uploads\/2017\/10\/egypt-44-2-300x200.jpg\" alt=\"egypt 9.11.-27.11.2008\" width=\"300\" height=\"200\" srcset=\"http:\/\/cregyptology.org.uk\/wp-content\/uploads\/2017\/10\/egypt-44-2-300x200.jpg 300w, http:\/\/cregyptology.org.uk\/wp-content\/uploads\/2017\/10\/egypt-44-2-768x512.jpg 768w, http:\/\/cregyptology.org.uk\/wp-content\/uploads\/2017\/10\/egypt-44-2-1024x683.jpg 1024w, http:\/\/cregyptology.org.uk\/wp-content\/uploads\/2017\/10\/egypt-44-2.jpg 1063w\" sizes=\"auto, (max-width: 300px) 100vw, 300px\" \/><\/p>\n","protected":false},"excerpt":{"rendered":"<p>Dana B\u011blohoubkov\u00e1 Dana B\u011blohoubkov\u00e1 has received her MA in Egyptology from the Czech Institute of Egyptology, as well as MA in Classical Archaeology and Ethnology from the Institute of Classical <a class=\"more-link\" href=\"http:\/\/cregyptology.org.uk\/?page_id=3478\">Continue Reading &rarr;<\/a><\/p>\n","protected":false},"author":1,"featured_media":0,"parent":0,"menu_order":0,"comment_status":"closed","ping_status":"closed","template":"","meta":{"ngg_post_thumbnail":0,"footnotes":""},"class_list":["post-3478","page","type-page","status-publish","hentry"],"_links":{"self":[{"href":"http:\/\/cregyptology.org.uk\/index.php?rest_route=\/wp\/v2\/pages\/3478","targetHints":{"allow":["GET"]}}],"collection":[{"href":"http:\/\/cregyptology.org.uk\/index.php?rest_route=\/wp\/v2\/pages"}],"about":[{"href":"http:\/\/cregyptology.org.uk\/index.php?rest_route=\/wp\/v2\/types\/page"}],"author":[{"embeddable":true,"href":"http:\/\/cregyptology.org.uk\/index.php?rest_route=\/wp\/v2\/users\/1"}],"replies":[{"embeddable":true,"href":"http:\/\/cregyptology.org.uk\/index.php?rest_route=%2Fwp%2Fv2%2Fcomments&post=3478"}],"version-history":[{"count":1,"href":"http:\/\/cregyptology.org.uk\/index.php?rest_route=\/wp\/v2\/pages\/3478\/revisions"}],"predecessor-version":[{"id":5040,"href":"http:\/\/cregyptology.org.uk\/index.php?rest_route=\/wp\/v2\/pages\/3478\/revisions\/5040"}],"wp:attachment":[{"href":"http:\/\/cregyptology.org.uk\/index.php?rest_route=%2Fwp%2Fv2%2Fmedia&parent=3478"}],"curies":[{"name":"wp","href":"https:\/\/api.w.org\/{rel}","templated":true}]}}