{"id":3129,"date":"2016-09-01T14:19:09","date_gmt":"2016-09-01T14:19:09","guid":{"rendered":"http:\/\/cregyptology.org.uk\/?page_id=3129"},"modified":"2024-11-24T02:13:06","modified_gmt":"2024-11-24T02:13:06","slug":"meet-the-committee","status":"publish","type":"page","link":"http:\/\/cregyptology.org.uk\/?page_id=3129","title":{"rendered":"CRE 2017 Naples: Organising Committee"},"content":{"rendered":"<div class=\"_h8t\" style=\"text-align: justify;\">\n<div class=\"_5wd9\">\n<div class=\"_4gx_\" style=\"text-align: center;\">&nbsp;<\/div>\n<\/div>\n<p><span style=\"font-size: 120%;\"><strong>Ilaria Incordino <\/strong><\/span><\/p>\n<p><strong><a href=\"http:\/\/cregyptology.org.uk\/wp-content\/uploads\/2016\/09\/incordino-mersa-gawasis.jpg\"><img loading=\"lazy\" decoding=\"async\" class=\"alignnone wp-image-3162\" src=\"http:\/\/cregyptology.org.uk\/wp-content\/uploads\/2016\/09\/incordino-mersa-gawasis-225x300.jpg\" alt=\"incordino mersa gawasis\" width=\"140\" height=\"187\" srcset=\"http:\/\/cregyptology.org.uk\/wp-content\/uploads\/2016\/09\/incordino-mersa-gawasis-225x300.jpg 225w, http:\/\/cregyptology.org.uk\/wp-content\/uploads\/2016\/09\/incordino-mersa-gawasis.jpg 453w\" sizes=\"auto, (max-width: 140px) 100vw, 140px\" \/><\/a><\/strong><\/p>\n<p>Ilaria Incordino is Research Fellow in Egyptology and teacher of Egyptology for BA students at University of Naples &#8220;L&#8217;Orientale&#8221;. She has a PhD on the chronological problems of the IIIrd Egyptian Dynasty (re-examination of the archaeological evidence).&nbsp;Main research focus: rising of the pharaonic ideology and its symbols, cultural and commercial exchanges between Egypt and its neighbour countries (Nubia, Punt, Arabia) and pharaonic and Byzantine pottery analysis. She is member of the archaeological mission at Manqabad (Egypt, University of Naples L&#8217;Orientale), in the Eastern Central Desert (Egypt, University of Naples di Napoli L&#8217;Orientale, Helwan University, Cairo University) and at Mersa\/Wadi Gawasis (University of Naples, Boston University).<\/p>\n<hr>\n<p><span style=\"font-size: 120%;\"><strong> Valentina Perna<\/strong><\/span><\/p>\n<p><a href=\"http:\/\/cregyptology.org.uk\/wp-content\/uploads\/2016\/09\/valesudan3.jpg\"><img loading=\"lazy\" decoding=\"async\" class=\"alignnone wp-image-3186\" src=\"http:\/\/cregyptology.org.uk\/wp-content\/uploads\/2016\/09\/valesudan3-230x300.jpg\" alt=\"Valentina Perna\" width=\"140\" height=\"183\" srcset=\"http:\/\/cregyptology.org.uk\/wp-content\/uploads\/2016\/09\/valesudan3-230x300.jpg 230w, http:\/\/cregyptology.org.uk\/wp-content\/uploads\/2016\/09\/valesudan3.jpg 326w\" sizes=\"auto, (max-width: 140px) 100vw, 140px\" \/><\/a><\/p>\n<p>Valentina Perna completed her PhD in African Studies, at the University of Naples \u201cL\u2019Orientale\u201d. She has worked on the pottery from Gash Delta, Sudan, and on the development of nomadism in this area during the 1st Millennium A.D.<br \/>\nHer research aims to understand the dynamics of the populations of the Eastern Sudan in the latest phases of the Atbai Cultural Sequence, which characterized the Region, through the study of the material culture.<br \/>\nShe works as archaeologist and pottery analyst in several Missions and she is involved in the Italian Archaeological Expedition to the Eastern Sudan, since 2013.<\/p>\n<hr>\n<p><span style=\"font-size: 120%;\"><strong> Stefania Mainieri <\/strong><\/span><\/p>\n<p><a href=\"http:\/\/cregyptology.org.uk\/wp-content\/uploads\/2016\/09\/IMG_20151007_154952.jpg\"><img loading=\"lazy\" decoding=\"async\" class=\"alignnone wp-image-3180\" src=\"http:\/\/cregyptology.org.uk\/wp-content\/uploads\/2016\/09\/IMG_20151007_154952-183x300.jpg\" alt=\"Stefania Mainieri\" width=\"140\" height=\"230\" srcset=\"http:\/\/cregyptology.org.uk\/wp-content\/uploads\/2016\/09\/IMG_20151007_154952-183x300.jpg 183w, http:\/\/cregyptology.org.uk\/wp-content\/uploads\/2016\/09\/IMG_20151007_154952.jpg 195w\" sizes=\"auto, (max-width: 140px) 100vw, 140px\" \/><\/a><\/p>\n<p>Stefania Mainieri completed her PhD research on the Egyptian Collection of the Archaeological Museum of Naples (MANN), at the University of Naples &#8220;L&#8217;Orientale&#8221;.<br \/>\nShe is currently working in the team of Egyptologists curating the new installation of the Egyptian section in the above mentioned Museum. Since 2013, she has been cooperating in several didactic activities at the University &#8220;L&#8217;Orientale&#8221; with seminars about museum artefacts, use of archives, catalogue methodology, and in the organization of practical workshops at the Museum for undergraduate students. She is also a member of the Italian Archaeological Expedition at Manqabad &#8211; Abba Nefer Monastery (Assiut-Egypt)- and at the Nuserra sun-disk temple at Abu Ghurab.<\/p>\n<hr>\n<p><span style=\"font-size: 120%;\"><strong>Maria Diletta Pubblico <\/strong><\/span><\/p>\n<p><a href=\"http:\/\/cregyptology.org.uk\/wp-content\/uploads\/2016\/09\/20150831_171725.jpg\"><img loading=\"lazy\" decoding=\"async\" class=\"alignnone wp-image-3179\" src=\"http:\/\/cregyptology.org.uk\/wp-content\/uploads\/2016\/09\/20150831_171725-300x234.jpg\" alt=\"Diletta Pubblico\" width=\"140\" height=\"109\" srcset=\"http:\/\/cregyptology.org.uk\/wp-content\/uploads\/2016\/09\/20150831_171725-300x234.jpg 300w, http:\/\/cregyptology.org.uk\/wp-content\/uploads\/2016\/09\/20150831_171725.jpg 644w\" sizes=\"auto, (max-width: 140px) 100vw, 140px\" \/><\/a><\/p>\n<p>Maria Diletta Pubblico is a PhD Candidate in Egyptology at the University of Naples \u201cL\u2019Orientale\u201d. She is interested in Egyptian religion, museology and Late and Greek-Roman Period history and archaeology. She has been cooperating in several didactic activities like seminars and workshops. Since 2013, she is a member of the Mission Arch\u00e9ologique Fran\u00e7aise du Bubasteion \u00e0 Saqqara (MAFB) and she takes also part to the Italian Archaeological Expedition at Manqabad &#8211; Abba Nefer Monastery (Assiut-Egypt).<\/p>\n<hr>\n<p><span style=\"font-size: 120%;\"><strong> Elena D&#8217;Itria <\/strong><\/span><\/p>\n<p><a href=\"http:\/\/cregyptology.org.uk\/wp-content\/uploads\/2016\/09\/DSCN0178.jpg\"><img loading=\"lazy\" decoding=\"async\" class=\"alignnone wp-image-3196\" src=\"http:\/\/cregyptology.org.uk\/wp-content\/uploads\/2016\/09\/DSCN0178-243x300.jpg\" alt=\"Elena D'Itria\" width=\"140\" height=\"173\" srcset=\"http:\/\/cregyptology.org.uk\/wp-content\/uploads\/2016\/09\/DSCN0178-243x300.jpg 243w, http:\/\/cregyptology.org.uk\/wp-content\/uploads\/2016\/09\/DSCN0178-768x949.jpg 768w, http:\/\/cregyptology.org.uk\/wp-content\/uploads\/2016\/09\/DSCN0178-829x1024.jpg 829w, http:\/\/cregyptology.org.uk\/wp-content\/uploads\/2016\/09\/DSCN0178.jpg 929w\" sizes=\"auto, (max-width: 140px) 100vw, 140px\" \/><\/a><\/p>\n<p>Elena D\u2019Itria is a PhD Candidate in Nubian Archaeology, at the University of Naples \u201cL\u2019Orientale\u201d. Her PhD concerns the study of the amulets of Kerma culture from the excavation of G. Reisner. Her first goal is to describe in a systematic way these materials which were only very partially studied and published so far. Her research aims to understand the Nubian religious belief through the study of the amulets.<br \/>\nSince 2015 she has participated in archeological fieldwork at Kassala, Eastern Sudan, with the Italian Archeological Expedition to the Eastern Sudan (IAEES).<\/p>\n<hr>\n<p><strong>Anna Salsano<\/strong><\/p>\n<p><a href=\"http:\/\/cregyptology.org.uk\/wp-content\/uploads\/2016\/09\/Anna-Clelia-Salsano.jpg\"><img loading=\"lazy\" decoding=\"async\" class=\"alignnone wp-image-3191\" src=\"http:\/\/cregyptology.org.uk\/wp-content\/uploads\/2016\/09\/Anna-Clelia-Salsano-205x300.jpg\" alt=\"Anna Clelia Salsano\" width=\"140\" height=\"205\" srcset=\"http:\/\/cregyptology.org.uk\/wp-content\/uploads\/2016\/09\/Anna-Clelia-Salsano-205x300.jpg 205w, http:\/\/cregyptology.org.uk\/wp-content\/uploads\/2016\/09\/Anna-Clelia-Salsano.jpg 553w\" sizes=\"auto, (max-width: 140px) 100vw, 140px\" \/><\/a><\/p>\n<p>Anna Salsano is a Ph.D. Student in Egyptology and Coptic Civilization at the University of Rome &#8220;Sapienza&#8221;. She completed her Master\u2019s degree in Archaeology: East and West at the University of Naples, \u201cL\u2019Orientale\u201d (thesis in Egyptian Archaeology). She has excavated at Pontecagnano, Cuma and Pietrabbondante.<br \/>\nShe studies Coptic Archaeology with special reference to Stone Architectural Elements.<br \/>\nSince 2014 she has taken part in the Italian-Egyptian mission at the monastery of Abba Nefer at Manqabad (Asyut).<\/p>\n<hr>\n<p><span style=\"font-size: 120%;\"><strong> Luigi Fabrizio <\/strong><\/span><\/p>\n<p><a href=\"http:\/\/cregyptology.org.uk\/wp-content\/uploads\/2016\/09\/12514072_10208466685727220_4104679395641191589_o.jpg\"><img loading=\"lazy\" decoding=\"async\" class=\"alignnone wp-image-3184\" src=\"http:\/\/cregyptology.org.uk\/wp-content\/uploads\/2016\/09\/12514072_10208466685727220_4104679395641191589_o-300x300.jpg\" alt=\"Luigi Fabrizio\" width=\"140\" height=\"140\" srcset=\"http:\/\/cregyptology.org.uk\/wp-content\/uploads\/2016\/09\/12514072_10208466685727220_4104679395641191589_o-300x300.jpg 300w, http:\/\/cregyptology.org.uk\/wp-content\/uploads\/2016\/09\/12514072_10208466685727220_4104679395641191589_o-150x150.jpg 150w, http:\/\/cregyptology.org.uk\/wp-content\/uploads\/2016\/09\/12514072_10208466685727220_4104679395641191589_o-768x768.jpg 768w, http:\/\/cregyptology.org.uk\/wp-content\/uploads\/2016\/09\/12514072_10208466685727220_4104679395641191589_o.jpg 1000w\" sizes=\"auto, (max-width: 140px) 100vw, 140px\" \/><\/a><\/p>\n<p>Luigi Fabrizio is a Ph.D. candidate of Egyptian Archeology, at the University of Naples &#8220;L&#8217;Orientale&#8221;. He is working on a research project entitled \u201cThe weapons of Ancient Egypt: morphological, functional and iconographic analysis from the Second Intermediate Period to the New Kingdom.\u201d<br \/>\nThe aim of his research is to compare the artifacts with scenes to prove the relationship between these two aspects of Egyptian culture and to individuate new aspects of ancient egypitian warfare.<\/p>\n<hr>\n<p>Pietro Fusco<\/p>\n<p><a href=\"http:\/\/cregyptology.org.uk\/wp-content\/uploads\/2016\/09\/Pietro-Fusco.jpg\"><img loading=\"lazy\" decoding=\"async\" class=\"alignnone wp-image-3189\" src=\"http:\/\/cregyptology.org.uk\/wp-content\/uploads\/2016\/09\/Pietro-Fusco-289x300.jpg\" alt=\"Pietro Fusco\" width=\"140\" height=\"145\" srcset=\"http:\/\/cregyptology.org.uk\/wp-content\/uploads\/2016\/09\/Pietro-Fusco-289x300.jpg 289w, http:\/\/cregyptology.org.uk\/wp-content\/uploads\/2016\/09\/Pietro-Fusco.jpg 619w\" sizes=\"auto, (max-width: 140px) 100vw, 140px\" \/><\/a><\/p>\n<p>Pietro Fusco is a Ph.D. student in African Studies, at the University of Naples &#8220;L&#8217;Orientale&#8221;. He is working on the Lithics from the Gash Delta, Sudan, from the VI mill. BC up until the I mill. AD.<br \/>\nHis research aims to better understand the social complexity and the culture of the Gash Delta populations through the technological and typological analysis of lithics togheter with data from other specialists.<br \/>\nHe has collaborated with several missions in Egypt and Sudan with different assignments. Now, he works as archaeologist and lithic analyst with the Italian Archaeological Expedition to the Eastern Sudan, since 2011.<\/p>\n<hr>\n<p style=\"text-align: center;\"><span style=\"font-size: 200%;\"><strong>Member of technical staff <\/strong><\/span><\/p>\n<p><span style=\"font-size: 120%;\"><strong> Alessia Cesaro <\/strong><\/span><\/p>\n<p><a href=\"http:\/\/cregyptology.org.uk\/wp-content\/uploads\/2016\/09\/Alessia-Cesaro.jpg\"><img loading=\"lazy\" decoding=\"async\" class=\"alignnone wp-image-3188\" src=\"http:\/\/cregyptology.org.uk\/wp-content\/uploads\/2016\/09\/Alessia-Cesaro-300x300.jpg\" alt=\"Alessia Cesaro\" width=\"140\" height=\"140\" srcset=\"http:\/\/cregyptology.org.uk\/wp-content\/uploads\/2016\/09\/Alessia-Cesaro-300x300.jpg 300w, http:\/\/cregyptology.org.uk\/wp-content\/uploads\/2016\/09\/Alessia-Cesaro-150x150.jpg 150w, http:\/\/cregyptology.org.uk\/wp-content\/uploads\/2016\/09\/Alessia-Cesaro-768x768.jpg 768w, http:\/\/cregyptology.org.uk\/wp-content\/uploads\/2016\/09\/Alessia-Cesaro-1024x1024.jpg 1024w, http:\/\/cregyptology.org.uk\/wp-content\/uploads\/2016\/09\/Alessia-Cesaro.jpg 1152w\" sizes=\"auto, (max-width: 140px) 100vw, 140px\" \/><\/a><\/p>\n<p>Alessia Cesaro completed her Master\u2019s degree in Archaeology: East and West at the University of Naples, \u201cL\u2019Orientale\u201d (thesis in Nubian Archaeology). Her research is focused on the study of Mesolithic pottery from the Eastern Sudan. She has participated in many excavations in Italy and abroad. Since 2013 she has participated in archaeological fieldwork at Kassala, Eastern Sudan, with the Italian Archaeological Expedition to the Eastern Sudan (IAEES).<\/p>\n<hr>\n<p><span style=\"font-size: 120%;\"><strong> Eleonora Minucci <\/strong><\/span><\/p>\n<p><a href=\"http:\/\/cregyptology.org.uk\/wp-content\/uploads\/2016\/09\/Eleonora-Minucci.jpg\"><img loading=\"lazy\" decoding=\"async\" class=\"alignnone wp-image-3190\" src=\"http:\/\/cregyptology.org.uk\/wp-content\/uploads\/2016\/09\/Eleonora-Minucci-199x300.jpg\" alt=\"Eleonora Minucci\" width=\"140\" height=\"211\" srcset=\"http:\/\/cregyptology.org.uk\/wp-content\/uploads\/2016\/09\/Eleonora-Minucci-199x300.jpg 199w, http:\/\/cregyptology.org.uk\/wp-content\/uploads\/2016\/09\/Eleonora-Minucci.jpg 638w\" sizes=\"auto, (max-width: 140px) 100vw, 140px\" \/><\/a><\/p>\n<p>Eleonora Minucci has a a MA in Nubian Antiquity from the University \u201cL\u2019Orientale\u201d of Naples, Italy. In her Master\u2019s thesis she specialized in Bioarchaeology and Anthropology, focusing on the anthropological analysis of the human skeletal remains from the Gash Delta Region (Eastern Sudan). Her purpose was to offer a new contribution to a more large understanding of funerary ideologies and of biological\/popolationistic overview for the cultural groups living in Eastern Sudan between the IV mill. B.C. and the I mill. A.D. Her main research interests include osteological remains analysis, dental pathology, isotopic exams, Taphonomic Archaeology, interaction between diet and bio-archaeological data, Prehistory of Egypt and Nubia.<br \/>\nShe has been involved as physical anthropologist in many italian projects and in the Italian Mission to Aksum (Ethiopia). Since 2014, in the Italian Archaeological Expedition to Eastern Sudan (University \u201cL\u2019Orientale\u201d).<\/p>\n<hr>\n<p><span style=\"font-size: 120%;\"><strong>Francesco Michele Rega <\/strong><\/span><\/p>\n<p><a href=\"http:\/\/cregyptology.org.uk\/wp-content\/uploads\/2016\/09\/Francesco-Rega-1.jpg\"><img loading=\"lazy\" decoding=\"async\" class=\"alignnone wp-image-3194\" src=\"http:\/\/cregyptology.org.uk\/wp-content\/uploads\/2016\/09\/Francesco-Rega-1-229x300.jpg\" alt=\"Francesco Rega\" width=\"140\" height=\"183\" srcset=\"http:\/\/cregyptology.org.uk\/wp-content\/uploads\/2016\/09\/Francesco-Rega-1-229x300.jpg 229w, http:\/\/cregyptology.org.uk\/wp-content\/uploads\/2016\/09\/Francesco-Rega-1.jpg 640w\" sizes=\"auto, (max-width: 140px) 100vw, 140px\" \/><\/a><\/p>\n<p>Francesco Michele Rega completed his Bachelor\u2019s degree in Ancient Civilizations and Archaeology: East and West and his Master\u2019s degree in Archaeology: East and West at the University of Naples, \u201cL\u2019Orientale\u201d. He is studying grinding stones and man-made holes in the rocks from Sudan, with a particular focus on those from the Eastern Desert and the Eastern Sudan. He has excavated at Pontecagnano, Cuma and Pietrabbondante. Since 2014 he has been involved in the research of the Italian Archaeological Expedition to the Eastern Sudan (IAEES) in the area of Kassala, particularly at Mahal Teglinos, UA53 and Jebel Abu Gamal.<\/p>\n<hr>\n<\/div>\n<p><strong>Serena Monaco <\/strong><\/p>\n<p><a href=\"http:\/\/cregyptology.org.uk\/wp-content\/uploads\/2016\/09\/16128342_10211902664621548_874879454_n.jpg\"><img loading=\"lazy\" decoding=\"async\" class=\"alignnone wp-image-3387\" src=\"http:\/\/cregyptology.org.uk\/wp-content\/uploads\/2016\/09\/16128342_10211902664621548_874879454_n.jpg\" alt=\"16128342_10211902664621548_874879454_n\" width=\"274\" height=\"194\" srcset=\"http:\/\/cregyptology.org.uk\/wp-content\/uploads\/2016\/09\/16128342_10211902664621548_874879454_n.jpg 656w, http:\/\/cregyptology.org.uk\/wp-content\/uploads\/2016\/09\/16128342_10211902664621548_874879454_n-300x213.jpg 300w\" sizes=\"auto, (max-width: 274px) 100vw, 274px\" \/><\/a><\/p>\n<p>Serena Monaco completed her master&#8217;s degree in Archaeology: East and West at the University of Naples \u201cL&#8217;Orientale\u201d. Her thesis in Egyptology focuses on the organization of labour and the management of manpower during the Middle Kingdom in Egypt, with a special attention on workers&#8217; lists, payment methods and specific terminology of the different jobs. She has been involved in some archaeological excavations in Italy (prehistoric and Roman times) and since 2014 she has been working as a tourist assistant in the Archaeological Site of Pompeii.<\/p>\n<div class=\"_h8t\" style=\"text-align: justify;\">\n<hr>\n<\/div>\n","protected":false},"excerpt":{"rendered":"<p>&nbsp; Ilaria Incordino Ilaria Incordino is Research Fellow in Egyptology and teacher of Egyptology for BA students at University of Naples &#8220;L&#8217;Orientale&#8221;. She has a PhD on the chronological problems <a class=\"more-link\" href=\"http:\/\/cregyptology.org.uk\/?page_id=3129\">Continue Reading &rarr;<\/a><\/p>\n","protected":false},"author":1,"featured_media":0,"parent":3103,"menu_order":15,"comment_status":"closed","ping_status":"closed","template":"","meta":{"ngg_post_thumbnail":0,"footnotes":""},"class_list":["post-3129","page","type-page","status-publish","hentry"],"_links":{"self":[{"href":"http:\/\/cregyptology.org.uk\/index.php?rest_route=\/wp\/v2\/pages\/3129","targetHints":{"allow":["GET"]}}],"collection":[{"href":"http:\/\/cregyptology.org.uk\/index.php?rest_route=\/wp\/v2\/pages"}],"about":[{"href":"http:\/\/cregyptology.org.uk\/index.php?rest_route=\/wp\/v2\/types\/page"}],"author":[{"embeddable":true,"href":"http:\/\/cregyptology.org.uk\/index.php?rest_route=\/wp\/v2\/users\/1"}],"replies":[{"embeddable":true,"href":"http:\/\/cregyptology.org.uk\/index.php?rest_route=%2Fwp%2Fv2%2Fcomments&post=3129"}],"version-history":[{"count":2,"href":"http:\/\/cregyptology.org.uk\/index.php?rest_route=\/wp\/v2\/pages\/3129\/revisions"}],"predecessor-version":[{"id":5004,"href":"http:\/\/cregyptology.org.uk\/index.php?rest_route=\/wp\/v2\/pages\/3129\/revisions\/5004"}],"up":[{"embeddable":true,"href":"http:\/\/cregyptology.org.uk\/index.php?rest_route=\/wp\/v2\/pages\/3103"}],"wp:attachment":[{"href":"http:\/\/cregyptology.org.uk\/index.php?rest_route=%2Fwp%2Fv2%2Fmedia&parent=3129"}],"curies":[{"name":"wp","href":"https:\/\/api.w.org\/{rel}","templated":true}]}}