{"id":2745,"date":"2015-04-28T14:52:35","date_gmt":"2015-04-28T14:52:35","guid":{"rendered":"http:\/\/cregyptology.org.uk\/?page_id=2745"},"modified":"2024-11-25T22:23:51","modified_gmt":"2024-11-25T22:23:51","slug":"egyptology-in-krakow","status":"publish","type":"page","link":"http:\/\/cregyptology.org.uk\/?page_id=2745","title":{"rendered":"CRE XVII 2016: Egyptology in Krak\u00f3w"},"content":{"rendered":"<p><em><strong>History<\/strong><\/em><\/p>\n<p>The archaeological traditions of the Jagiellonian University date back to the academic year 1863\/64, when J\u00f3zef \u0141epkowski (the future rector of the JU) delivered a series of lectures about archaeology and its place among historical disciplines.<br \/>\nThis contributed to the establishment of a provisional Chair in archaeology in 1866 and a permanent one in 1874. These events are co<span class=\"text_exposed_show\">nsidered as the beginning of archaeology as an academic discipline in Poland. <\/span><\/p>\n<div class=\"text_exposed_show\">\n<p>Since the very foundation of the Chair in Classical Archaeology in 1897, genuine historical items have played a central role in the research and educational activities of Krak\u00f3w archaeologists.<br \/>\nThe collection of genuine ancient items from the Mediterranean region was supplemented with numerous plaster casts of the most important works of classical art. At the moment, the collection consists of about 700 authentic items and more than 100 plaster casts.<\/p>\n<p>In terms of quantity, the largest group of relics come from the Graeco-Roman civilization (including Greece, Italy, Cyprus, Asia Minor, North Africa, and the coast of Black Sea), ranging from the Bronze Age to late antiquity. The ancient Middle East is mainly represented by Egyptian items: a sarcophagus with a mummy, ushabti figurines, small artefacts, stone vessels, amulets, scarabs, and fragments of Coptic textiles, whereas Mesopotamian civilization is represented by a single relic, an Acadian cylinder seal.<\/p>\n<p>Three different anniversaries of events important for Krak\u00f3w archaeology were celebrated in 2014. Firstly, this year saw the 160th anniversary of the foundation of the Archaeological Studio, from which the current JU Institute of Archaeology developed. The second jubilee is related to the beginning of Mediterranean archaeology in Krak\u00f3w: It was 100 years ago that the archaeologists from Krak\u00f3w conducted their first excavations in Egypt, which marked the start of Polish archaeological research in the Mediterranean region and the Middle East. At the same time the Jagiellonian University celebrated its 650th anniversary in the very same year.<br \/>\n<iframe loading=\"lazy\" style=\"border: 0;\" src=\"https:\/\/www.google.com\/maps\/embed?pb=!1m18!1m12!1m3!1d320.16812561646157!2d19.93341047692809!3d50.061100162972934!2m3!1f0!2f0!3f0!3m2!1i1024!2i768!4f13.1!3m3!1m2!1s0x0000000000000000%3A0x90219f11596cf2b1!2sCollegium+Minus!5e0!3m2!1spl!2spl!4v1444649432099\" width=\"600\" height=\"450\" frameborder=\"0\" allowfullscreen=\"allowfullscreen\"><\/iframe><\/p>\n<p>More details about us you can find: <a href=\"http:\/\/www.archeo.uj.edu.pl\/en_GB\/instytut\/historia-instytutu\" target=\"_blank\" rel=\"nofollow\">http:\/\/www.archeo.uj.edu.pl\/en_\u2026\/instytut\/historia-instytutu<\/a><\/p>\n<p>Also you can find a<a href=\"http:\/\/mnk.pl\/branch\/the-princes-czartoryski-museum\/collections\/photo-galleries\/138\"> beautiful Egyptian collectio<\/a>n in the <a href=\"http:\/\/mnk.pl\/branch\/the-princes-czartoryski-museum\">Princesses Czartoryski Museum<\/a><\/p>\n<p><img loading=\"lazy\" decoding=\"async\" class=\"aligncenter\" src=\"http:\/\/mnk.pl\/images\/upload\/fotogalerie\/czartoryscy\/fundacja_czartoryscy\/fundacja_czartoryscy5.jpg\" alt=\"\" width=\"609\" height=\"369\" \/><\/p>\n<p style=\"text-align: center;\">Copyrights Muzeum Ksi\u0105\u017c\u0105t Czartoryskich, Krak\u00f3w<\/p>\n<p>&#8220;<span class=\"lead\">The ancient art collection belonging to the Princes Czartoryski Foundation constitutes a set of various objects originating from Mediterranean cultures. According to the assumptions of the collection creator \u2013 Prince W\u0142adys\u0142aw Czartoryski, the exhibits represent a broad spectrum of handicrafts allowing to deepen the knowledge about ancient art and enjoy the beauty of the objects themselves.<br \/>\nLocated on the first floor of the former city Arsenal this gallery unites showpieces from the collections of the Czartoryskis, the National Museum in Krakow and a deposits from the Potocki family of Krzeszowice. It explores the culture and art of great ancient civilisations, chiefly Egypt, Greece, Etruria and Rome. <\/span>&#8221;<\/p>\n<p><iframe loading=\"lazy\" style=\"border: 0;\" src=\"https:\/\/www.google.com\/maps\/embed?pb=!1m18!1m12!1m3!1d2561.1590768916853!2d19.937756315160033!3d50.06458242297481!2m3!1f0!2f0!3f0!3m2!1i1024!2i768!4f13.1!3m3!1m2!1s0x0%3A0x0!2zNTDCsDAzJzUyLjUiTiAxOcKwNTYnMjMuOCJF!5e0!3m2!1spl!2spl!4v1444648645433\" width=\"419\" height=\"419\" frameborder=\"0\" allowfullscreen=\"allowfullscreen\"><\/iframe><\/p>\n<p><em><strong>The present day<\/strong><\/em><\/p>\n<p>The Institute of Archaeology trains students to become Mediterranean archaeologists with special attention to Egypt and the Near East. Apart from lectures and seminars on history, history of art and archaeology students are obliged to take part in archaeological fieldworks. Three independent missions which work at Egyptian and Egypt-related sites are affiliated to the Institute &#8211; they form an excellent training background for students.<\/p>\n<p>These expeditions are:<\/p>\n<ul>\n<li><a href=\"https:\/\/www.facebook.com\/farkha.org?fref=ts\">Tell el-Farkha in Egypt<\/a> &#8211; a Pre- and Early Dynastic centre in the Nile Delta,<\/li>\n<\/ul>\n<p><a href=\"http:\/\/cregyptology.org.uk\/wp-content\/uploads\/2015\/04\/2013-03-10-10.40.04.jpg\"><img loading=\"lazy\" decoding=\"async\" class=\"alignnone size-medium wp-image-2888\" src=\"http:\/\/cregyptology.org.uk\/wp-content\/uploads\/2015\/04\/2013-03-10-10.40.04-300x225.jpg\" alt=\"2013-03-10 10.40.04\" width=\"300\" height=\"225\" srcset=\"http:\/\/cregyptology.org.uk\/wp-content\/uploads\/2015\/04\/2013-03-10-10.40.04-300x225.jpg 300w, http:\/\/cregyptology.org.uk\/wp-content\/uploads\/2015\/04\/2013-03-10-10.40.04-1024x768.jpg 1024w\" sizes=\"auto, (max-width: 300px) 100vw, 300px\" \/><\/a><\/p>\n<ul>\n<li><a href=\"http:\/\/www.murra.pl\/galeria\/\">Tell el-Murra in Egypt<\/a> &#8211; a settlement and related to it cemetery dated from the Predynastic to the Old Kingdom times,<\/li>\n<\/ul>\n<p><a href=\"http:\/\/cregyptology.org.uk\/wp-content\/uploads\/2015\/04\/murra.jpg\"><img loading=\"lazy\" decoding=\"async\" class=\"alignnone size-medium wp-image-2889\" src=\"http:\/\/cregyptology.org.uk\/wp-content\/uploads\/2015\/04\/murra-300x185.jpg\" alt=\"murra\" width=\"300\" height=\"185\" srcset=\"http:\/\/cregyptology.org.uk\/wp-content\/uploads\/2015\/04\/murra-300x185.jpg 300w, http:\/\/cregyptology.org.uk\/wp-content\/uploads\/2015\/04\/murra.jpg 1000w\" sizes=\"auto, (max-width: 300px) 100vw, 300px\" \/><\/a><\/p>\n<ul>\n<li><a href=\"https:\/\/www.facebook.com\/TRONEarcheo\">Tel Erani in Israel<\/a> &#8211; a site known for its importance in the 4th millennium Egyptian-Levantine connections.<\/li>\n<\/ul>\n<p><a href=\"http:\/\/cregyptology.org.uk\/wp-content\/uploads\/2015\/04\/2013-08-12-05.19.32.jpg\"><img loading=\"lazy\" decoding=\"async\" class=\"alignnone size-medium wp-image-2890\" src=\"http:\/\/cregyptology.org.uk\/wp-content\/uploads\/2015\/04\/2013-08-12-05.19.32-300x225.jpg\" alt=\"2013-08-12 05.19.32\" width=\"300\" height=\"225\" srcset=\"http:\/\/cregyptology.org.uk\/wp-content\/uploads\/2015\/04\/2013-08-12-05.19.32-300x225.jpg 300w, http:\/\/cregyptology.org.uk\/wp-content\/uploads\/2015\/04\/2013-08-12-05.19.32.jpg 640w\" sizes=\"auto, (max-width: 300px) 100vw, 300px\" \/><\/a><\/p>\n<\/div>\n","protected":false},"excerpt":{"rendered":"<p>History The archaeological traditions of the Jagiellonian University date back to the academic year 1863\/64, when J\u00f3zef \u0141epkowski (the future rector of the JU) delivered a series of lectures about <a class=\"more-link\" href=\"http:\/\/cregyptology.org.uk\/?page_id=2745\">Continue Reading &rarr;<\/a><\/p>\n","protected":false},"author":1,"featured_media":0,"parent":0,"menu_order":8,"comment_status":"closed","ping_status":"closed","template":"","meta":{"ngg_post_thumbnail":0,"footnotes":""},"class_list":["post-2745","page","type-page","status-publish","hentry"],"_links":{"self":[{"href":"http:\/\/cregyptology.org.uk\/index.php?rest_route=\/wp\/v2\/pages\/2745","targetHints":{"allow":["GET"]}}],"collection":[{"href":"http:\/\/cregyptology.org.uk\/index.php?rest_route=\/wp\/v2\/pages"}],"about":[{"href":"http:\/\/cregyptology.org.uk\/index.php?rest_route=\/wp\/v2\/types\/page"}],"author":[{"embeddable":true,"href":"http:\/\/cregyptology.org.uk\/index.php?rest_route=\/wp\/v2\/users\/1"}],"replies":[{"embeddable":true,"href":"http:\/\/cregyptology.org.uk\/index.php?rest_route=%2Fwp%2Fv2%2Fcomments&post=2745"}],"version-history":[{"count":1,"href":"http:\/\/cregyptology.org.uk\/index.php?rest_route=\/wp\/v2\/pages\/2745\/revisions"}],"predecessor-version":[{"id":5136,"href":"http:\/\/cregyptology.org.uk\/index.php?rest_route=\/wp\/v2\/pages\/2745\/revisions\/5136"}],"wp:attachment":[{"href":"http:\/\/cregyptology.org.uk\/index.php?rest_route=%2Fwp%2Fv2%2Fmedia&parent=2745"}],"curies":[{"name":"wp","href":"https:\/\/api.w.org\/{rel}","templated":true}]}}