{"id":1046,"date":"2014-08-13T12:57:13","date_gmt":"2014-08-13T12:57:13","guid":{"rendered":"http:\/\/cregyptology.org.uk\/?page_id=1046"},"modified":"2024-11-28T23:15:02","modified_gmt":"2024-11-28T23:15:02","slug":"university-college-london-and-kings-college-london-2014","status":"publish","type":"page","link":"http:\/\/cregyptology.org.uk\/?page_id=1046","title":{"rendered":"CRE XV 2014: London"},"content":{"rendered":"<p style=\"text-align: center;\">&nbsp;<\/p>\n<div id=\"content-header\">&nbsp;<\/div>\n<div id=\"content-area\">\n<div id=\"node-4500\">\n<table>\n<tbody>\n<tr>\n<td>Date:<\/td>\n<td>9-12 April, 2014<\/td>\n<\/tr>\n<tr>\n<td>Location:<\/td>\n<td>University College London and King&#8217;s College London, Great Britain<\/td>\n<\/tr>\n<tr>\n<td>Publication:<\/td>\n<td>Pinarello, M. S.,&nbsp;Yoo, J., Lundock, J., &amp; Walsh, C., 2014, Current Research in Egyptology 2014,<br \/>\nOxford: Oxbow Books.<\/td>\n<\/tr>\n<\/tbody>\n<\/table>\n<p>&nbsp;<\/p>\n<h2 style=\"text-align: left;\">&nbsp;<br \/>\n<strong>List of Papers<\/strong><\/h2>\n<table style=\"height: 4892px;\" width=\"719\">\n<tbody>\n<tr>\n<td width=\"245\"><strong>Author<\/strong><\/td>\n<td width=\"391\"><strong>Title<\/strong><\/td>\n<td width=\"60\"><strong>Publication reference<\/strong><\/td>\n<\/tr>\n<tr>\n<td width=\"245\">&nbsp;John Ward<\/td>\n<td width=\"391\">Mallets, Chisels, Sledges and Boats; The Art of Quarrying at Gebel el&nbsp; Silsila<\/td>\n<td width=\"60\">&nbsp;<\/td>\n<\/tr>\n<tr>\n<td width=\"245\">Arianna Sacco<\/td>\n<td width=\"391\">People and pots: uncovering the identity of the Hyksos<\/td>\n<td width=\"60\">&nbsp;<\/td>\n<\/tr>\n<tr>\n<td width=\"245\">Keita Takenouchi<\/td>\n<td width=\"391\">Some Remarks on the Distribution of Stone Production in Predynastic Egypt: A View from the Analysis of Mudstone Artifacts<\/td>\n<td width=\"60\">&nbsp;<\/td>\n<\/tr>\n<tr>\n<td width=\"245\">Nora Shalaby<\/td>\n<td width=\"391\">Early Copper and Turquoise Mining in Sinai:&nbsp; Site and Materials Study of Wadi Maghara<\/td>\n<td width=\"60\">&nbsp;<\/td>\n<\/tr>\n<tr>\n<td width=\"245\">Diane Johnson<\/td>\n<td width=\"391\">Irons in the Fire: Iron Working in Early Egypt<\/td>\n<td width=\"60\">&nbsp;<\/td>\n<\/tr>\n<tr>\n<td width=\"245\">Anna Accettola<\/td>\n<td width=\"391\">The Egyptians and Nabataean Trade Nation<\/td>\n<td width=\"60\">&nbsp;<\/td>\n<\/tr>\n<tr>\n<td width=\"245\">Sarah Chapman<\/td>\n<td width=\"391\">Avoiding Death: Restrictions on the Representation of Corpses in Egyptian Art<\/td>\n<td width=\"60\">&nbsp;<\/td>\n<\/tr>\n<tr>\n<td width=\"245\">Christopher Braun<\/td>\n<td width=\"391\">Discovering&nbsp;Egypt\u2019s Pre-Islamic Past: Ancient Egypt\u2019s Material Culture Mirrored in Medieval Arabic Treasure-Hunter Manuals<\/td>\n<td width=\"60\">&nbsp;<\/td>\n<\/tr>\n<tr>\n<td width=\"245\">Katarzyna Kapiec<\/td>\n<td width=\"391\">The winged sun disc motive \u2013 its origin in Ancient Egypt and spread to other cultures<\/td>\n<td width=\"60\">&nbsp;<\/td>\n<\/tr>\n<tr>\n<td width=\"245\">Federica Ugliano &amp; Alice Sbriglio<\/td>\n<td width=\"391\">Re-excavating Heliopolis: Unedited Archaeological Data from the Archives of Ernesto Schiaparelli and Missione Archeologica Italiana<\/td>\n<td width=\"60\">&nbsp;<\/td>\n<\/tr>\n<tr>\n<td width=\"245\">Beth Ann Judas<\/td>\n<td width=\"391\">Keftiu and Griffins: An Exploration of the Liminal in the Egyptian World-view<\/td>\n<td width=\"60\">&nbsp;<\/td>\n<\/tr>\n<tr>\n<td width=\"245\">Jason Lundock<\/td>\n<td width=\"391\">Ancient Egypt in the&nbsp;British Countryside: A Discussion of Egyptian Finds Recorded Through the&nbsp;Portable Antiquities Scheme<\/td>\n<td width=\"60\">&nbsp;<\/td>\n<\/tr>\n<tr>\n<td width=\"245\">Wojciech Ejsmond<\/td>\n<td width=\"391\">A survey of Gebelain: Preliminary results<\/td>\n<td width=\"60\">&nbsp;<\/td>\n<\/tr>\n<tr>\n<td width=\"245\">Reinert Skumsnes<\/td>\n<td width=\"391\">Patterns of change \u2013 Titles of non-royal women in New Kingdom Egypt<\/td>\n<td width=\"60\">&nbsp;<\/td>\n<\/tr>\n<tr>\n<td width=\"245\">Martin Odler<\/td>\n<td width=\"391\">Old Kingdom copper model tools in the female burials<\/td>\n<td width=\"60\">&nbsp;<\/td>\n<\/tr>\n<tr>\n<td width=\"245\">Renate Fellinger<\/td>\n<td width=\"391\">Women\u2019s participation in the legal landscape of Ptolemaic Egypt as portrayed in Theban \u2018documents for money\u2019<\/td>\n<td width=\"60\">&nbsp;<\/td>\n<\/tr>\n<tr>\n<td width=\"245\">Douglas Petrovich<\/td>\n<td width=\"391\">The Chronological Value of Tell el-Dab\u2019a&#8217;s Inscriptional Finds to the Dating of the Beginning of the Stratum d\/1 at Avaris<\/td>\n<td width=\"60\">&nbsp;<\/td>\n<\/tr>\n<tr>\n<td width=\"245\">Ada Nifosi<\/td>\n<td width=\"391\">The liminal status of the fetus and the newborn in Graeco-Roman Egypt<\/td>\n<td width=\"60\">&nbsp;<\/td>\n<\/tr>\n<tr>\n<td width=\"245\">Caroline Brumbridge<\/td>\n<td width=\"391\">&#8216;You carried your spear on the testimony of a filthy whore!&#8217; Gender Stereotypes and Transgendered Individuals in the Tale of the Two Brothers.<\/td>\n<td width=\"60\">&nbsp;<\/td>\n<\/tr>\n<tr>\n<td width=\"245\">Lidjia M. McKnight<\/td>\n<td width=\"391\">The Art of Embalming \u2013 a macroscopic and radiographic evaluation of decorative techniques applied to mummified votive Egyptian mammalian remains.<\/td>\n<td width=\"60\">&nbsp;<\/td>\n<\/tr>\n<tr>\n<td width=\"245\">Pavel Titz &amp; Jiri Musil<\/td>\n<td width=\"391\">El-Hayz Project. Current state of knowledge on the Egyptian Western Desert Oasis<\/td>\n<td width=\"60\">&nbsp;<\/td>\n<\/tr>\n<tr>\n<td width=\"245\">Stephanine Atherton-Woolham<\/td>\n<td width=\"391\">Imaging ancient Egyptian crocodile mummies<\/td>\n<td width=\"60\">&nbsp;<\/td>\n<\/tr>\n<tr>\n<td width=\"245\">James Bennett<\/td>\n<td width=\"391\">Tells, Toponyms and the Third Intermediate Period. Constructing a New Topographical Settlement Map for the Period<\/td>\n<td width=\"60\">&nbsp;<\/td>\n<\/tr>\n<tr>\n<td width=\"245\">Micol Di Teodoro<\/td>\n<td width=\"391\">The \u1e2bnrt wr: a new research<\/td>\n<td width=\"60\">&nbsp;<\/td>\n<\/tr>\n<tr>\n<td width=\"245\">Akiko Nishisaka, Kazumitsu Takahashi &amp; Sakuji Yoshimura<\/td>\n<td width=\"391\">Some new findings during the conservation project in the tomb of Amenophis III, 2011-2012.<\/td>\n<td width=\"60\">&nbsp;<\/td>\n<\/tr>\n<tr>\n<td width=\"245\">Alessandra Colazilli<\/td>\n<td width=\"391\">Fear of the outside world. An Egyptian perspective<\/td>\n<td width=\"60\">&nbsp;<\/td>\n<\/tr>\n<tr>\n<td width=\"245\">Mohamed Yousef Ali<\/td>\n<td width=\"391\">Dashur: Documenting Change<\/td>\n<td width=\"60\">&nbsp;<\/td>\n<\/tr>\n<tr>\n<td width=\"245\">Sue Thorpe<\/td>\n<td width=\"391\">Social Aspects in Ancient Egyptian Personal Correspondence<\/td>\n<td width=\"60\">&nbsp;<\/td>\n<\/tr>\n<tr>\n<td width=\"245\">Maria Nilsson<\/td>\n<td width=\"391\">Multicultural commemorations: An epigraphic journey from Prehistoric rock art to Napoleonic signatures at Gebel el Silsila.<\/td>\n<td width=\"60\">&nbsp;<\/td>\n<\/tr>\n<tr>\n<td width=\"245\">Solene Klein<\/td>\n<td width=\"391\">The Material Culture of the Egyptian Funeral in the First Millennium BC&nbsp;:&nbsp;A Case Study of Canopic Jars<\/td>\n<td width=\"60\">&nbsp;<\/td>\n<\/tr>\n<tr>\n<td width=\"245\">Susan Penacho<\/td>\n<td width=\"391\">A Spatial Analysis of Sealings within the Nubian Fortresses of Uronarti and Askut<\/td>\n<td width=\"60\">&nbsp;<\/td>\n<\/tr>\n<tr>\n<td width=\"245\">Loretta Kilroe<\/td>\n<td width=\"391\">Precious deposits: new interpretations of infant jar burials in Egypt and Sudan<\/td>\n<td width=\"60\">&nbsp;<\/td>\n<\/tr>\n<tr>\n<td width=\"245\">Massimiliano S. Pinarello<\/td>\n<td width=\"391\">&nbsp;An Archaeological Discussion of Writing Practice: Deconstruction of the Ancient Egyptian Scribe<\/td>\n<td width=\"60\">&nbsp;<\/td>\n<\/tr>\n<tr>\n<td width=\"245\">&nbsp;Antje Kohse<\/td>\n<td width=\"391\">&nbsp;Deviant Burials from the Predynastic Period to the Middle Kingdom<\/td>\n<td width=\"60\">&nbsp;<\/td>\n<\/tr>\n<tr>\n<td width=\"245\">&nbsp;Electra Apostola<\/td>\n<td width=\"391\">&nbsp;Cross-cultural relations between Egypt and Greece during the Early Iron Age: Representations of the egyptian goddess Sekhmet in the Aegean.<\/td>\n<td width=\"60\">&nbsp;<\/td>\n<\/tr>\n<tr>\n<td width=\"245\">&nbsp;Janelle Wade<\/td>\n<td width=\"391\">Pharaonic Economy: A New Commodity-Based Approach to an Age-Old Discussion<\/td>\n<td width=\"60\">&nbsp;<\/td>\n<\/tr>\n<tr>\n<td width=\"245\">&nbsp;Justin Yoo<\/td>\n<td width=\"391\">Mercenaries, Merchants, Migrants and Marauders: Greeks in Late and Persian Period Egypt<\/td>\n<td width=\"60\">&nbsp;<\/td>\n<\/tr>\n<tr>\n<td width=\"245\">&nbsp;Martina Bardo\u0148ov\u00e1<\/td>\n<td width=\"391\">The Middle Kingdom Society seen through its Supply Patterns<\/td>\n<td width=\"60\">&nbsp;<\/td>\n<\/tr>\n<tr>\n<td width=\"245\">&nbsp;Felipe Soares<\/td>\n<td width=\"391\">In the antechamber of Persian Invasion. Greco-Egyptian relations during the 26th Dynasty<\/td>\n<td width=\"60\">&nbsp;<\/td>\n<\/tr>\n<tr>\n<td width=\"245\">Frits Heinrich &amp; R.T.J. Cappers<\/td>\n<td width=\"391\">&nbsp;The Farming Regimes of Egypt: Agricultural strategies and crop selection<\/td>\n<td width=\"60\">&nbsp;<\/td>\n<\/tr>\n<tr>\n<td width=\"245\">&nbsp;Charles Draper<\/td>\n<td width=\"391\">The Egyptian diaspora in northern Mesopotamia c. 700\u2014600 BC<\/td>\n<td width=\"60\">&nbsp;<\/td>\n<\/tr>\n<tr>\n<td width=\"245\">&nbsp;Courtney Bobik,&nbsp;Colleen Westmor, &amp;&nbsp;Sean Winter<\/td>\n<td width=\"391\">Late Ptolemaic \/ Early Roman diet at Thmuis: Based on Unit O7-15<\/td>\n<td width=\"60\">&nbsp;<\/td>\n<\/tr>\n<tr>\n<td width=\"245\">&nbsp;Maria Gutierrez<\/td>\n<td width=\"391\">&nbsp;Processional oracles: methods of approaching the god in the context of Egyptian temple festivals and processions<\/td>\n<td width=\"60\">&nbsp;<\/td>\n<\/tr>\n<tr>\n<td width=\"245\">&nbsp;Eva Lock-Cornelisse<\/td>\n<td width=\"391\">&nbsp;Birds in the Marshes: a comparative study and an iconographic analysis of the birds in the marshland scenes in the Old Kingdom elite tombs in the Memphite area.<\/td>\n<td width=\"60\">&nbsp;<\/td>\n<\/tr>\n<tr>\n<td width=\"245\">Tatjana Beuthe<\/td>\n<td width=\"391\">The landscape of the Osiris tomb at Abydos and its relation to funerary icons and items from the late New Kingdom onward<\/td>\n<td width=\"60\">&nbsp;<\/td>\n<\/tr>\n<tr>\n<td width=\"245\">Marlene S. Kristensen<\/td>\n<td width=\"391\">&nbsp;Gardens in ancient Egypt \u2013 an illustration of reality?<\/td>\n<td width=\"60\">&nbsp;<\/td>\n<\/tr>\n<tr>\n<td width=\"245\">Ahmed M. Mekawy Ouda<\/td>\n<td width=\"391\">The principal epithet of Werethekau &#8216;lady of the palace&#8217;: a new category for analysis of Egyptian religion<\/td>\n<td width=\"60\">&nbsp;<\/td>\n<\/tr>\n<tr>\n<td width=\"245\">&nbsp;Julia Chyla<\/td>\n<td width=\"391\">&nbsp;View from the space &#8211; what archival maps and satellite images can tell us about?<\/td>\n<td width=\"60\">&nbsp;<\/td>\n<\/tr>\n<tr>\n<td width=\"245\">Afifi Rohim Afifi &amp; Glen Dash<\/td>\n<td width=\"391\">&nbsp;The Discovery of Intact Foundation Deposits in the Western Valley of the Valley of the Kings<\/td>\n<td width=\"60\">&nbsp;<\/td>\n<\/tr>\n<tr>\n<td width=\"245\">&nbsp;John Waytt<\/td>\n<td width=\"391\">Bird Hieroglyphs: An Ornithologist\u2019s Viewpoint on their Origin and Subsequent Depiction.<\/td>\n<td width=\"60\">&nbsp;<\/td>\n<\/tr>\n<tr>\n<td width=\"245\">&nbsp;Karolina Rosi\u0144ska-Balik,&nbsp;Joanna D\u0119bowska-Ludwin,&nbsp;Agnieszka Ocha\u0142-Czarnowicz, &amp; Marcin Czarnowicz<\/td>\n<td width=\"391\">Egyptian-Levantine connections. A view from Tel Erani, Israel<\/td>\n<td width=\"60\">&nbsp;<\/td>\n<\/tr>\n<tr>\n<td width=\"245\">&nbsp;Jo Stoner<\/td>\n<td width=\"391\">The cultural life of monastic baskets in late antique Egypt<\/td>\n<td width=\"60\">&nbsp;<\/td>\n<\/tr>\n<tr>\n<td width=\"245\">&nbsp;Hany Rashwan<\/td>\n<td width=\"391\">A pure visual rhetoric: the Hapax nnkttyw and its literary Phonetic Graphic Metaphor<\/td>\n<td width=\"60\">&nbsp;<\/td>\n<\/tr>\n<tr>\n<td width=\"245\">Krystal Pierce<\/td>\n<td width=\"391\">The Cemetery at Deir el-Balah (Gaza) in Light of New Kingdom Egyptian Cultural Identity<\/td>\n<td width=\"60\">&nbsp;<\/td>\n<\/tr>\n<tr>\n<td width=\"245\">Vincent Oeters<\/td>\n<td width=\"391\">&nbsp;Recent fieldwork in the New Kingdom necropolis at Saqqara by the Leiden mission<\/td>\n<td width=\"60\">&nbsp;<\/td>\n<\/tr>\n<tr>\n<td width=\"245\">&nbsp;Eleanor Simmance &amp; Laura Grimshaw<\/td>\n<td width=\"391\">Texts, Context and Interpretation: Exploring Tutankhamun in the Birmingham Egyptology TuT Project<\/td>\n<td width=\"60\">&nbsp;<\/td>\n<\/tr>\n<tr>\n<td width=\"245\">Stephanie Boonstra<\/td>\n<td width=\"391\">&nbsp;Finders Keepers? Disputed Heritage Between Egypt and the Levant<\/td>\n<td width=\"60\">&nbsp;<\/td>\n<\/tr>\n<tr>\n<td width=\"245\">Edward Mushett Cole<\/td>\n<td width=\"391\">Foreign influence in the late New Kingdom and the Third Intermediate Period<\/td>\n<td width=\"60\">&nbsp;<\/td>\n<\/tr>\n<tr>\n<td width=\"245\">&nbsp;Walaa Aboubakr Basha<\/td>\n<td width=\"391\">Stable Isotope Analysis of Soft Tissue from Kulubnarti (Sudanese Nubia)<\/td>\n<td width=\"60\">&nbsp;&nbsp;<\/td>\n<\/tr>\n<tr>\n<td width=\"245\">Joanne M. Robinson<\/td>\n<td width=\"391\">&nbsp;\u2018Blood is thicker than water\u2019: cultural and biological influences and outcomes of consanguineous marriage in ancient Egypt<\/td>\n<td width=\"60\">&nbsp;<\/td>\n<\/tr>\n<tr>\n<td width=\"245\">&nbsp;Barbara Hufft<\/td>\n<td width=\"391\">&nbsp;Kushite royal representation in Egypt and Nubia<\/td>\n<td width=\"60\">&nbsp;<\/td>\n<\/tr>\n<tr>\n<td width=\"245\">&nbsp;Sarah Musselwhite<\/td>\n<td width=\"391\">&nbsp;Immigration in late Egyptian history (c. 1550\u201330 BC): Patterns of cranial shape variation<\/td>\n<td width=\"60\">&nbsp;<\/td>\n<\/tr>\n<tr>\n<td width=\"245\">&nbsp;Giorgia Cafici<\/td>\n<td width=\"391\">&nbsp;The representation of the elite in the Egyptian sculptural production during the Ptolemaic Period<\/td>\n<td width=\"60\">&nbsp;<\/td>\n<\/tr>\n<tr>\n<td width=\"245\">&nbsp;Carl Walsh<\/td>\n<td width=\"391\">&nbsp;Establishing the Proper Etiquette: Diplomacy and the transmission of court lifestyles between Egypt and Kerma during the Middle Bronze Age<\/td>\n<td width=\"60\">&nbsp;<\/td>\n<\/tr>\n<tr>\n<td width=\"245\">&nbsp;Stacy Hackner<\/td>\n<td width=\"391\">&nbsp;3D Scanning for Nubian Bones: A Case Study<\/td>\n<td width=\"60\">&nbsp;<\/td>\n<\/tr>\n<tr>\n<td width=\"245\">&nbsp;Johannes Auenm\u00fcller<\/td>\n<td width=\"391\">&nbsp;Temple Statues of New Kingdom Viziers and Mayors&nbsp;in Territorial Context \u2013 Distribution vs. Localism<\/td>\n<td width=\"60\">&nbsp;<\/td>\n<\/tr>\n<tr>\n<td width=\"245\">&nbsp;Joanne Backhouse<\/td>\n<td width=\"391\">&nbsp;Female Figurines: A re-evaluation of the evidence and theoretical frameworks<\/td>\n<td width=\"60\">&nbsp;<\/td>\n<\/tr>\n<tr>\n<td width=\"245\">&nbsp;Melanie Pitkin<\/td>\n<td width=\"391\">&nbsp;The distribution and dating of Egyptian false doors and funerary stelae of the First Intermediate Period (reigns of Pepy II \u2013 Mentuhotep II): a preliminary analysis<\/td>\n<td width=\"60\">&nbsp;<\/td>\n<\/tr>\n<tr>\n<td width=\"245\">&nbsp;Julie Morgan<\/td>\n<td width=\"391\">&nbsp;The First Campaign of Shoshenq I commemorated at The Temple of El-Hibeh?<\/td>\n<td width=\"60\">&nbsp;<\/td>\n<\/tr>\n<tr>\n<td width=\"245\">&nbsp;Serena Autiero<\/td>\n<td width=\"391\">&nbsp;Terracotta Figurines from Egypt as Agents of Cultural Globalization<\/td>\n<td width=\"60\">&nbsp;<\/td>\n<\/tr>\n<tr>\n<td width=\"245\">&nbsp;Katharina St\u00f6vesand<\/td>\n<td width=\"391\">&nbsp;Ancient Egyptian Coffins as Communicative Media for Religious Visual Strategies: Lower and Middle Egyptian Coffins of the late and Ptolemaic Periods<\/td>\n<td width=\"60\">&nbsp;<\/td>\n<\/tr>\n<tr>\n<td width=\"245\">&nbsp;Robert M. Porter<\/td>\n<td width=\"391\">Recent Egyptian Carbon Dating Projects and Dendrochronology<\/td>\n<td width=\"60\">&nbsp;<\/td>\n<\/tr>\n<tr>\n<td width=\"245\">&nbsp;Caterina Minniti<\/td>\n<td width=\"391\">&nbsp;Tanagras in cross-cultural context: A study on stylistic variability across the Mediterranean<\/td>\n<td width=\"60\">&nbsp;<\/td>\n<\/tr>\n<tr>\n<td width=\"245\">&nbsp;Peter Robinson<\/td>\n<td width=\"391\">&nbsp;The Manchester \u2018Funeral\u2019 Ostracon: A sketch of a funerary ritual?<\/td>\n<td width=\"60\">&nbsp;<\/td>\n<\/tr>\n<tr>\n<td width=\"245\">&nbsp;Stefan Baumann<\/td>\n<td width=\"391\">&nbsp;Treasuries and Hidden Chambers in Graeco-Roman Temples<\/td>\n<td width=\"60\">&nbsp;<\/td>\n<\/tr>\n<\/tbody>\n<\/table>\n<p>&nbsp;<\/p>\n<p>&nbsp;<\/p>\n<p>&nbsp;<\/p>\n<h1><strong>List of Posters<\/strong><\/h1>\n<p>&nbsp;<\/p>\n<table width=\"719\">\n<tbody>\n<tr>\n<td width=\"245\">Author<\/td>\n<td width=\"391\">Title<\/td>\n<td width=\"60\">Publication reference<\/td>\n<\/tr>\n<tr>\n<td width=\"245\">Kevin McGuiness<\/td>\n<td width=\"391\">Drag Queen: The Liminal Status of the Bust of Queen Nefertiti<\/td>\n<td width=\"60\">&nbsp;<\/td>\n<\/tr>\n<tr>\n<td width=\"245\">Loretta Kilroe<\/td>\n<td width=\"391\">Deliberate drips: developments in ceramic decoration at the end of the New Kingdom in Nubia.<\/td>\n<td width=\"60\">&nbsp;<\/td>\n<\/tr>\n<tr>\n<td width=\"245\">David Nunn<\/td>\n<td width=\"391\">Shades of Meaning: a semiotic approach to the use of polychromy in hieroglyphic inscriptions<\/td>\n<td width=\"60\">&nbsp;<\/td>\n<\/tr>\n<tr>\n<td width=\"245\">Azza Ezzat<\/td>\n<td width=\"391\">The Digital Library of Inscriptions and Calligraphies (DLIC) Challenges for Digital Preservation of Cultural Heritage<\/td>\n<td width=\"60\">&nbsp;<\/td>\n<\/tr>\n<tr>\n<td width=\"245\">Ahmed Mansour<\/td>\n<td width=\"391\">The journey of writing in Egypt<\/td>\n<td width=\"60\">&nbsp;<\/td>\n<\/tr>\n<tr>\n<td width=\"245\">Fatma Keshk &amp; Amira Saddik<\/td>\n<td width=\"391\">The Causeway of Wnis (Ounas) from the Manuscripts of Selim Hassan<\/td>\n<td width=\"60\">&nbsp;<\/td>\n<\/tr>\n<tr>\n<td width=\"245\">Sasha Rohret<\/td>\n<td width=\"391\">The Giza Necropolis: An Analysis and Spatial Distribution of Age, Sex, and Pathology in Selected Human Remains from the Western Cemetery<\/td>\n<td width=\"60\">&nbsp;<\/td>\n<\/tr>\n<tr>\n<td width=\"245\">Sarah Shepherd<\/td>\n<td width=\"391\">The Bronze Age Sword Manufacturing in Egypt: The Khepesh<\/td>\n<td width=\"60\">&nbsp;<\/td>\n<\/tr>\n<tr>\n<td width=\"245\">Melanie Wasmuth<\/td>\n<td width=\"391\">Being \u2018foreign\u2019 in an ancient multi-cultural society: the case of the \u2018Egyptians\u2019 in early Iron Age Mesopotamia<\/td>\n<td width=\"60\">&nbsp;<\/td>\n<\/tr>\n<tr>\n<td width=\"245\">Nora Shawki<\/td>\n<td width=\"391\">King Tutankhamun&#8217;s Facsimile: Recreation as Preservation<\/td>\n<td width=\"60\">&nbsp;<\/td>\n<\/tr>\n<tr>\n<td width=\"245\">&nbsp;Kelsey Kahlbaum-Hoisington<\/td>\n<td width=\"391\">It\u2019s all about the Bread Molds: Analysis and Measurements Taken to Find Possible Standardization among Middle Hellenistic Bread Molds<\/td>\n<td width=\"60\">&nbsp;<\/td>\n<\/tr>\n<tr>\n<td width=\"245\">Isabel Zermani<\/td>\n<td width=\"391\">Sharing the Story: creating a dialogue with the past and present community<\/td>\n<td width=\"60\">&nbsp;<\/td>\n<\/tr>\n<tr>\n<td width=\"245\">Uta Siffert<\/td>\n<td width=\"391\">From Object to Icon: Visual Reflections on and the Designations of Material Culture in the Reliefs and Paintings of Middle Kingdom Tombs<\/td>\n<td width=\"60\">&nbsp;<\/td>\n<\/tr>\n<tr>\n<td width=\"245\">Amira El Moursi<\/td>\n<td width=\"391\">\u201cFuture plans for Community Engagement activities of Mansoura National Museum at Shenawy Palace\u201d Community engagement in Egyptian Museums: Collaboration or Contestation?<\/td>\n<td width=\"60\">&nbsp;<\/td>\n<\/tr>\n<tr>\n<td width=\"245\">Grazia A. Di Pietro<\/td>\n<td width=\"391\">\n<table style=\"height: 68px;\" width=\"458\">\n<tbody>\n<tr>\n<td width=\"228\">The \u2018CASEPS\u2019 project. Integrating and comparing archaeological evidence on Egyptian Predynastic settlements<\/td>\n<\/tr>\n<\/tbody>\n<\/table>\n<\/td>\n<td width=\"60\">&nbsp;<\/td>\n<\/tr>\n<tr>\n<td width=\"245\">Stanislava Ku\u010dov\u00e1<\/td>\n<td width=\"391\">Bahariya Oasis: Trade routes and economical situation during late Roman period<\/td>\n<td width=\"60\">&nbsp;<\/td>\n<\/tr>\n<tr>\n<td width=\"245\">Federico Ugolini<\/td>\n<td width=\"391\">&nbsp;Upper Adriatic and Egypt in the Roman Empire: Ports and Trade<\/td>\n<td width=\"60\">&nbsp;<\/td>\n<\/tr>\n<tr>\n<td width=\"245\">&nbsp;Kimberly Watt<\/td>\n<td width=\"391\">Does Form Follow Function? What functions can be deduced from a floor plan?<\/td>\n<td width=\"60\">&nbsp;<\/td>\n<\/tr>\n<tr>\n<td width=\"245\">Pavel Titz &amp; Jiri Musil<\/td>\n<td width=\"391\">El-Hayz Project: The Coarse Ware Pottery from the Czech Excavations<\/td>\n<td width=\"60\">&nbsp;<\/td>\n<\/tr>\n<\/tbody>\n<\/table>\n<p>&nbsp;<\/p>\n<p>&nbsp;<\/p>\n<p>&nbsp;<\/p>\n<p>&nbsp;<\/p>\n<p>&nbsp;<\/p>\n<\/div>\n<\/div>\n","protected":false},"excerpt":{"rendered":"<p>&nbsp; &nbsp; Date: 9-12 April, 2014 Location: University College London and King&#8217;s College London, Great Britain Publication: Pinarello, M. S.,&nbsp;Yoo, J., Lundock, J., &amp; Walsh, C., 2014, Current Research in <a class=\"more-link\" href=\"http:\/\/cregyptology.org.uk\/?page_id=1046\">Continue Reading &rarr;<\/a><\/p>\n","protected":false},"author":1,"featured_media":0,"parent":70,"menu_order":1,"comment_status":"closed","ping_status":"closed","template":"","meta":{"ngg_post_thumbnail":0,"footnotes":""},"class_list":["post-1046","page","type-page","status-publish","hentry"],"_links":{"self":[{"href":"http:\/\/cregyptology.org.uk\/index.php?rest_route=\/wp\/v2\/pages\/1046","targetHints":{"allow":["GET"]}}],"collection":[{"href":"http:\/\/cregyptology.org.uk\/index.php?rest_route=\/wp\/v2\/pages"}],"about":[{"href":"http:\/\/cregyptology.org.uk\/index.php?rest_route=\/wp\/v2\/types\/page"}],"author":[{"embeddable":true,"href":"http:\/\/cregyptology.org.uk\/index.php?rest_route=\/wp\/v2\/users\/1"}],"replies":[{"embeddable":true,"href":"http:\/\/cregyptology.org.uk\/index.php?rest_route=%2Fwp%2Fv2%2Fcomments&post=1046"}],"version-history":[{"count":5,"href":"http:\/\/cregyptology.org.uk\/index.php?rest_route=\/wp\/v2\/pages\/1046\/revisions"}],"predecessor-version":[{"id":5232,"href":"http:\/\/cregyptology.org.uk\/index.php?rest_route=\/wp\/v2\/pages\/1046\/revisions\/5232"}],"up":[{"embeddable":true,"href":"http:\/\/cregyptology.org.uk\/index.php?rest_route=\/wp\/v2\/pages\/70"}],"wp:attachment":[{"href":"http:\/\/cregyptology.org.uk\/index.php?rest_route=%2Fwp%2Fv2%2Fmedia&parent=1046"}],"curies":[{"name":"wp","href":"https:\/\/api.w.org\/{rel}","templated":true}]}}